{"id":72079,"date":"2024-02-17T21:21:35","date_gmt":"2024-02-18T02:21:35","guid":{"rendered":"https:\/\/montrealunited.ca\/vendeurs\/"},"modified":"2024-05-11T19:47:17","modified_gmt":"2024-05-11T23:47:17","slug":"vendeurs","status":"publish","type":"page","link":"https:\/\/montrealunited.ca\/fr\/vendeurs\/","title":{"rendered":"Vendeurs"},"content":{"rendered":"<p>[et_pb_section fb_built=\u00a0\u00bb1&Prime; _builder_version=\u00a0\u00bb4.16&Prime; da_disable_devices=\u00a0\u00bboff|off|off\u00a0\u00bb global_colors_info=\u00a0\u00bb{}\u00a0\u00bb da_is_popup=\u00a0\u00bboff\u00a0\u00bb da_exit_intent=\u00a0\u00bboff\u00a0\u00bb da_has_close=\u00a0\u00bbon\u00a0\u00bb da_alt_close=\u00a0\u00bboff\u00a0\u00bb da_dark_close=\u00a0\u00bboff\u00a0\u00bb da_not_modal=\u00a0\u00bbon\u00a0\u00bb da_is_singular=\u00a0\u00bboff\u00a0\u00bb da_with_loader=\u00a0\u00bboff\u00a0\u00bb da_has_shadow=\u00a0\u00bbon\u00a0\u00bb][et_pb_row _builder_version=\u00a0\u00bb4.16&Prime; background_size=\u00a0\u00bbinitial\u00a0\u00bb background_position=\u00a0\u00bbtop_left\u00a0\u00bb background_repeat=\u00a0\u00bbrepeat\u00a0\u00bb global_colors_info=\u00a0\u00bb{}\u00a0\u00bb][et_pb_column type=\u00a0\u00bb4_4&Prime; _builder_version=\u00a0\u00bb4.16&Prime; custom_padding=\u00a0\u00bb|||\u00a0\u00bb global_colors_info=\u00a0\u00bb{}\u00a0\u00bb custom_padding__hover=\u00a0\u00bb|||\u00a0\u00bb][et_pb_text _builder_version=\u00a0\u00bb4.25.1&Prime; text_font_size=\u00a0\u00bb18px\u00a0\u00bb background_size=\u00a0\u00bbinitial\u00a0\u00bb background_position=\u00a0\u00bbtop_left\u00a0\u00bb background_repeat=\u00a0\u00bbrepeat\u00a0\u00bb global_colors_info=\u00a0\u00bb{}\u00a0\u00bb]<\/p>\n<p><strong>Montreal United pr\u00e9sente le \u00ab\u00a0Tournoi de basket-ball Lindsay A. Burnett\u00a0\u00bb &#8211; Un h\u00e9ritage d&rsquo;esprit sportif et d&rsquo;unit\u00e9<\/strong><\/p>\n<p>Pour c\u00e9l\u00e9brer sa 14e ann\u00e9e d&rsquo;existence, Montr\u00e9al United est fi\u00e8re d&rsquo;annoncer le \u00a0\u00bb Tournoi de basketball Lindsay A. Burnett \u00a0\u00bb dans le cadre de la s\u00e9rie \u00a0\u00bb Pas de politique, juste du ballon \u00ab\u00a0, qui aura lieu les 17 et 18 mai 2024 \u00e0 l&#8217;embl\u00e9matique Coll\u00e8ge Notre-Dame de Montr\u00e9al, au Qu\u00e9bec. Depuis sa cr\u00e9ation en 2010, cet \u00e9v\u00e9nement est devenu une pierre angulaire du basket-ball pour les jeunes, encourageant le talent et l&rsquo;unit\u00e9 \u00e0 travers l&rsquo;Am\u00e9rique du Nord.<\/p>\n<p>Ce tournoi annuel bien-aim\u00e9 devrait accueillir plus de 4 000 participants et pr\u00e9senter 40 \u00e9quipes enthousiastes des \u00c9tats-Unis et du Canada. Avec des athl\u00e8tes \u00e2g\u00e9s de 7 \u00e0 24 ans, le \u00ab\u00a0Lindsay A. Burnett Basketball Tournament\u00a0\u00bb ne promet pas seulement une comp\u00e9tition de basket-ball, mais repr\u00e9sente \u00e9galement un symbole d&rsquo;espoir et d&rsquo;amiti\u00e9 entre les jeunes participants.<\/p>\n<p><strong>Le tournoi de 2024 en un coup d&rsquo;\u0153il :<\/strong><\/p>\n<ul>\n<li><strong>Date : 17-18 mai 2024<\/strong> 17-18 mai 2024<\/li>\n<li><strong>Lieu :<\/strong> Coll\u00e8ge Notre Dame, Montr\u00e9al, Qu\u00e9bec<\/li>\n<li><strong>\u00c9quipes :<\/strong> 60 personnes des \u00c9tats-Unis et du Canada<\/li>\n<li><strong>Participants :<\/strong> Plus de 4 000 spectateurs attendus<\/li>\n<li><strong>L&rsquo;h\u00e9ritage :<\/strong> Fi\u00e8rement en activit\u00e9 depuis 2010<\/li>\n<\/ul>\n<p><strong>Faits marquants de l&rsquo;\u00e9v\u00e9nement :<\/strong><\/p>\n<ul>\n<li><strong>Excellence transfrontali\u00e8re :<\/strong> Une vitrine des plus brillantes jeunes stars du basket-ball de deux nations.<\/li>\n<li><strong>Comp\u00e9tition pour l&rsquo;\u00e9galit\u00e9 des chances :<\/strong> Garantir une plateforme \u00e9quilibr\u00e9e pour que les gar\u00e7ons et les filles puissent d\u00e9montrer leurs comp\u00e9tences.<\/li>\n<li><strong>Une sc\u00e8ne mondiale pour les jeunes :<\/strong> Offrir aux jeunes athl\u00e8tes une chance de s&rsquo;engager aupr\u00e8s d&rsquo;un vaste public international.<\/li>\n<li><strong>Un environnement favorable \u00e0 la famille :<\/strong> Un assortiment d&rsquo;activit\u00e9s et de divertissements pour les fans et les familles de tous \u00e2ges.<\/li>\n<\/ul>\n<p>Nous invitons les vendeurs et les partenaires \u00e0 entrer en contact avec un public diversifi\u00e9, \u00e0 c\u00e9l\u00e9brer le sport et \u00e0 contribuer \u00e0 un environnement qui valorise l&rsquo;esprit sportif, l&rsquo;unit\u00e9 et l&rsquo;engagement communautaire.<\/p>\n<p>Pour obtenir des informations d\u00e9taill\u00e9es sur l&rsquo;inscription, le calendrier des \u00e9v\u00e9nements et la mani\u00e8re de faire partie int\u00e9grante du \u00ab\u00a0Lindsay A. Burnett Basketball Tournament\u00a0\u00bb, veuillez consulter notre site web [insert website URL] ou contacter notre repr\u00e9sentant.<\/p>\n<p>Rejoignez-nous pour promouvoir l&rsquo;unit\u00e9 et le talent des jeunes athl\u00e8tes lors d&rsquo;un tournoi qui est plus qu&rsquo;un simple match &#8211; c&rsquo;est une tradition d&rsquo;excellence et d&rsquo;esprit communautaire.<\/p>\n<p>[\/et_pb_text][et_pb_button button_url=\u00a0\u00bb@ET-DC@eyJkeW5hbWljIjp0cnVlLCJjb250ZW50IjoicG9zdF9saW5rX3VybF9wYWdlIiwic2V0dGluZ3MiOnsicG9zdF9pZCI6IjcyMDgyIn19@\u00a0\u00bb button_text=\u00a0\u00bbEnregistrement des vendeurs\u00a0\u00bb button_alignment=\u00a0\u00bbcenter\u00a0\u00bb _builder_version=\u00a0\u00bb4.25.1&Prime; _module_preset=\u00a0\u00bbdefault\u00a0\u00bb hover_enabled=\u00a0\u00bb0&Prime; global_colors_info=\u00a0\u00bb{}\u00a0\u00bb _dynamic_attributes=\u00a0\u00bbbutton_url\u00a0\u00bb sticky_enabled=\u00a0\u00bb0&Prime;][\/et_pb_button][\/et_pb_column][\/et_pb_row][\/et_pb_section]<\/p>\n","protected":false},"excerpt":{"rendered":"<p>Montreal United pr\u00e9sente le \u00ab\u00a0Tournoi de basket-ball Lindsay A. Burnett\u00a0\u00bb &#8211; Un h\u00e9ritage d&rsquo;esprit sportif et d&rsquo;unit\u00e9 Pour c\u00e9l\u00e9brer sa 14e ann\u00e9e d&rsquo;existence, Montr\u00e9al United est fi\u00e8re d&rsquo;annoncer le \u00a0\u00bb [&hellip;]<\/p>\n","protected":false},"author":1,"featured_media":0,"parent":0,"menu_order":0,"comment_status":"closed","ping_status":"closed","template":"","meta":{"_et_pb_use_builder":"on","_et_pb_old_content":"","_et_gb_content_width":"","footnotes":""},"class_list":["post-72079","page","type-page","status-publish","hentry"],"yoast_head":"<!-- This site is optimized with the Yoast SEO plugin v27.3 - https:\/\/yoast.com\/product\/yoast-seo-wordpress\/ -->\n<title>Vendeurs - Montreal United<\/title>\n<meta name=\"robots\" content=\"index, follow, max-snippet:-1, max-image-preview:large, max-video-preview:-1\" \/>\n<link rel=\"canonical\" href=\"https:\/\/montrealunited.ca\/vendors\/\" \/>\n<meta property=\"og:locale\" content=\"fr_FR\" \/>\n<meta property=\"og:type\" content=\"article\" \/>\n<meta property=\"og:title\" content=\"Vendeurs - Montreal United\" \/>\n<meta property=\"og:description\" content=\"Montreal United pr\u00e9sente le &quot;Tournoi de basket-ball Lindsay A. Burnett&quot; - Un h\u00e9ritage d&#039;esprit sportif et d&#039;unit\u00e9 Pour c\u00e9l\u00e9brer sa 14e ann\u00e9e d&#039;existence, Montr\u00e9al United est fi\u00e8re d&#039;annoncer le &quot; [&hellip;]\" \/>\n<meta property=\"og:url\" content=\"https:\/\/montrealunited.ca\/vendors\/\" \/>\n<meta property=\"og:site_name\" content=\"Montreal United\" \/>\n<meta property=\"article:modified_time\" content=\"2024-05-11T23:47:17+00:00\" \/>\n<meta name=\"twitter:card\" content=\"summary_large_image\" \/>\n<meta name=\"twitter:label1\" content=\"Dur\u00e9e de lecture estim\u00e9e\" \/>\n\t<meta name=\"twitter:data1\" content=\"3 minutes\" \/>\n<script type=\"application\/ld+json\" class=\"yoast-schema-graph\">{\"@context\":\"https:\\\/\\\/schema.org\",\"@graph\":[{\"@type\":\"WebPage\",\"@id\":\"https:\\\/\\\/montrealunited.ca\\\/vendors\\\/\",\"url\":\"https:\\\/\\\/montrealunited.ca\\\/vendors\\\/\",\"name\":\"Vendeurs - Montreal United\",\"isPartOf\":{\"@id\":\"https:\\\/\\\/montrealunited.ca\\\/#website\"},\"datePublished\":\"2024-02-18T02:21:35+00:00\",\"dateModified\":\"2024-05-11T23:47:17+00:00\",\"breadcrumb\":{\"@id\":\"https:\\\/\\\/montrealunited.ca\\\/vendors\\\/#breadcrumb\"},\"inLanguage\":\"fr-FR\",\"potentialAction\":[{\"@type\":\"ReadAction\",\"target\":[\"https:\\\/\\\/montrealunited.ca\\\/vendors\\\/\"]}]},{\"@type\":\"BreadcrumbList\",\"@id\":\"https:\\\/\\\/montrealunited.ca\\\/vendors\\\/#breadcrumb\",\"itemListElement\":[{\"@type\":\"ListItem\",\"position\":1,\"name\":\"Home\",\"item\":\"https:\\\/\\\/montrealunited.ca\\\/fr\\\/\"},{\"@type\":\"ListItem\",\"position\":2,\"name\":\"Vendeurs\"}]},{\"@type\":\"WebSite\",\"@id\":\"https:\\\/\\\/montrealunited.ca\\\/#website\",\"url\":\"https:\\\/\\\/montrealunited.ca\\\/\",\"name\":\"Montreal United\",\"description\":\"\",\"potentialAction\":[{\"@type\":\"SearchAction\",\"target\":{\"@type\":\"EntryPoint\",\"urlTemplate\":\"https:\\\/\\\/montrealunited.ca\\\/?s={search_term_string}\"},\"query-input\":{\"@type\":\"PropertyValueSpecification\",\"valueRequired\":true,\"valueName\":\"search_term_string\"}}],\"inLanguage\":\"fr-FR\"}]}<\/script>\n<!-- \/ Yoast SEO plugin. -->","yoast_head_json":{"title":"Vendeurs - Montreal United","robots":{"index":"index","follow":"follow","max-snippet":"max-snippet:-1","max-image-preview":"max-image-preview:large","max-video-preview":"max-video-preview:-1"},"canonical":"https:\/\/montrealunited.ca\/vendors\/","og_locale":"fr_FR","og_type":"article","og_title":"Vendeurs - Montreal United","og_description":"Montreal United pr\u00e9sente le \"Tournoi de basket-ball Lindsay A. Burnett\" - Un h\u00e9ritage d'esprit sportif et d'unit\u00e9 Pour c\u00e9l\u00e9brer sa 14e ann\u00e9e d'existence, Montr\u00e9al United est fi\u00e8re d'annoncer le \" [&hellip;]","og_url":"https:\/\/montrealunited.ca\/vendors\/","og_site_name":"Montreal United","article_modified_time":"2024-05-11T23:47:17+00:00","twitter_card":"summary_large_image","twitter_misc":{"Dur\u00e9e de lecture estim\u00e9e":"3 minutes"},"schema":{"@context":"https:\/\/schema.org","@graph":[{"@type":"WebPage","@id":"https:\/\/montrealunited.ca\/vendors\/","url":"https:\/\/montrealunited.ca\/vendors\/","name":"Vendeurs - Montreal United","isPartOf":{"@id":"https:\/\/montrealunited.ca\/#website"},"datePublished":"2024-02-18T02:21:35+00:00","dateModified":"2024-05-11T23:47:17+00:00","breadcrumb":{"@id":"https:\/\/montrealunited.ca\/vendors\/#breadcrumb"},"inLanguage":"fr-FR","potentialAction":[{"@type":"ReadAction","target":["https:\/\/montrealunited.ca\/vendors\/"]}]},{"@type":"BreadcrumbList","@id":"https:\/\/montrealunited.ca\/vendors\/#breadcrumb","itemListElement":[{"@type":"ListItem","position":1,"name":"Home","item":"https:\/\/montrealunited.ca\/fr\/"},{"@type":"ListItem","position":2,"name":"Vendeurs"}]},{"@type":"WebSite","@id":"https:\/\/montrealunited.ca\/#website","url":"https:\/\/montrealunited.ca\/","name":"Montreal United","description":"","potentialAction":[{"@type":"SearchAction","target":{"@type":"EntryPoint","urlTemplate":"https:\/\/montrealunited.ca\/?s={search_term_string}"},"query-input":{"@type":"PropertyValueSpecification","valueRequired":true,"valueName":"search_term_string"}}],"inLanguage":"fr-FR"}]}},"_links":{"self":[{"href":"https:\/\/montrealunited.ca\/fr\/wp-json\/wp\/v2\/pages\/72079","targetHints":{"allow":["GET"]}}],"collection":[{"href":"https:\/\/montrealunited.ca\/fr\/wp-json\/wp\/v2\/pages"}],"about":[{"href":"https:\/\/montrealunited.ca\/fr\/wp-json\/wp\/v2\/types\/page"}],"author":[{"embeddable":true,"href":"https:\/\/montrealunited.ca\/fr\/wp-json\/wp\/v2\/users\/1"}],"replies":[{"embeddable":true,"href":"https:\/\/montrealunited.ca\/fr\/wp-json\/wp\/v2\/comments?post=72079"}],"version-history":[{"count":3,"href":"https:\/\/montrealunited.ca\/fr\/wp-json\/wp\/v2\/pages\/72079\/revisions"}],"predecessor-version":[{"id":72085,"href":"https:\/\/montrealunited.ca\/fr\/wp-json\/wp\/v2\/pages\/72079\/revisions\/72085"}],"wp:attachment":[{"href":"https:\/\/montrealunited.ca\/fr\/wp-json\/wp\/v2\/media?parent=72079"}],"curies":[{"name":"wp","href":"https:\/\/api.w.org\/{rel}","templated":true}]}}