{"id":71932,"date":"2023-01-13T14:29:56","date_gmt":"2023-01-13T19:29:56","guid":{"rendered":"https:\/\/montrealunited.ca\/parrainage\/"},"modified":"2024-02-28T21:23:12","modified_gmt":"2024-02-29T02:23:12","slug":"parrainage","status":"publish","type":"page","link":"https:\/\/montrealunited.ca\/fr\/parrainage\/","title":{"rendered":"Parrainage"},"content":{"rendered":"<p>[et_pb_section fb_built=\u00a0\u00bb1&Prime; _builder_version=\u00a0\u00bb4.19.4&Prime; _module_preset=\u00a0\u00bbdefault\u00a0\u00bb use_background_color_gradient=\u00a0\u00bbon\u00a0\u00bb background_color_gradient_stops=\u00a0\u00bbrgba(0,0,0,0.5) 0%|rgba(0,0,0,0.5) 100%\u00a0\u00bb background_color_gradient_overlays_image=\u00a0\u00bbon\u00a0\u00bb background_image=\u00a0\u00bbhttps:\/\/montrealunited.ca\/wp-content\/uploads\/2023\/01\/montreal-united-small-header-v2.png\u00a0\u00bb custom_padding=\u00a0\u00bb0vw||18vw||false|false\u00a0\u00bb animation_style=\u00a0\u00bbfade\u00a0\u00bb da_disable_devices=\u00a0\u00bboff|off|off\u00a0\u00bb border_width_bottom=\u00a0\u00bb10px\u00a0\u00bb border_color_bottom=\u00a0\u00bbgcid-5b97c902-3890-465c-8369-81f38730b2eb\u00a0\u00bb global_module=\u00a0\u00bb3197&Prime; saved_tabs=\u00a0\u00bball\u00a0\u00bb global_colors_info=\u00a0\u00bb{%22gcid-5b97c902-3890-465c-8369-81f38730b2eb%22:%91%22border_color_bottom%22,%22border_color_bottom%22%93}\u00a0\u00bb da_is_popup=\u00a0\u00bboff\u00a0\u00bb da_exit_intent=\u00a0\u00bboff\u00a0\u00bb da_has_close=\u00a0\u00bbon\u00a0\u00bb da_alt_close=\u00a0\u00bboff\u00a0\u00bb da_dark_close=\u00a0\u00bboff\u00a0\u00bb da_not_modal=\u00a0\u00bbon\u00a0\u00bb da_is_singular=\u00a0\u00bboff\u00a0\u00bb da_with_loader=\u00a0\u00bboff\u00a0\u00bb da_has_shadow=\u00a0\u00bbon\u00a0\u00bb][et_pb_row _builder_version=\u00a0\u00bb4.19.4&Prime; _module_preset=\u00a0\u00bbdefault\u00a0\u00bb global_colors_info=\u00a0\u00bb{}\u00a0\u00bb][et_pb_column type=\u00a0\u00bb4_4&Prime; _builder_version=\u00a0\u00bb4.19.4&Prime; _module_preset=\u00a0\u00bbdefault\u00a0\u00bb global_colors_info=\u00a0\u00bb{}\u00a0\u00bb][\/et_pb_column][\/et_pb_row][\/et_pb_section][et_pb_section fb_built=\u00a0\u00bb1&Prime; _builder_version=\u00a0\u00bb4.24.1&Prime; da_disable_devices=\u00a0\u00bboff|off|off\u00a0\u00bb global_colors_info=\u00a0\u00bb{}\u00a0\u00bb da_is_popup=\u00a0\u00bboff\u00a0\u00bb da_exit_intent=\u00a0\u00bboff\u00a0\u00bb da_has_close=\u00a0\u00bbon\u00a0\u00bb da_alt_close=\u00a0\u00bboff\u00a0\u00bb da_dark_close=\u00a0\u00bboff\u00a0\u00bb da_not_modal=\u00a0\u00bbon\u00a0\u00bb da_is_singular=\u00a0\u00bboff\u00a0\u00bb da_with_loader=\u00a0\u00bboff\u00a0\u00bb da_has_shadow=\u00a0\u00bbon\u00a0\u00bb][et_pb_row use_custom_gutter=\u00a0\u00bbon\u00a0\u00bb gutter_width=\u00a0\u00bb2&Prime; make_equal=\u00a0\u00bbon\u00a0\u00bb _builder_version=\u00a0\u00bb4.16&Prime; width=\u00a0\u00bb90%\u00a0\u00bb width_tablet=\u00a0\u00bb90%\u00a0\u00bb width_phone=\u00a0\u00bb90%\u00a0\u00bb width_last_edited=\u00a0\u00bbon|phone\u00a0\u00bb max_width_tablet=\u00a0\u00bb90%\u00a0\u00bb max_width_phone=\u00a0\u00bb90%\u00a0\u00bb max_width_last_edited=\u00a0\u00bboff|desktop\u00a0\u00bb custom_padding=\u00a0\u00bb0px||0px||false|false\u00a0\u00bb global_colors_info=\u00a0\u00bb{}\u00a0\u00bb][et_pb_column type=\u00a0\u00bb4_4&Prime; _builder_version=\u00a0\u00bb4.16&Prime; global_colors_info=\u00a0\u00bb{}\u00a0\u00bb][et_pb_text _builder_version=\u00a0\u00bb4.24.1&Prime; header_3_font=\u00a0\u00bbPoppins|600|||||||\u00a0\u00bb header_3_text_color=\u00a0\u00bb#383838&Prime; header_3_font_size=\u00a0\u00bb35px\u00a0\u00bb header_3_letter_spacing=\u00a0\u00bb-1px\u00a0\u00bb header_3_font_size_tablet=\u00a0\u00bb\u00a0\u00bb header_3_font_size_phone=\u00a0\u00bb25px\u00a0\u00bb header_3_font_size_last_edited=\u00a0\u00bbon|phone\u00a0\u00bb border_color_left=\u00a0\u00bb#383838&Prime; global_colors_info=\u00a0\u00bb{}\u00a0\u00bb]<\/p>\n<h1>Devenez un sponsor de Montreal United !<\/h1>\n<p>[\/et_pb_text][et_pb_text _builder_version=\u00a0\u00bb4.24.1&Prime; text_font=\u00a0\u00bb||||||||\u00a0\u00bb text_text_color=\u00a0\u00bb#000000&Prime; text_font_size=\u00a0\u00bb18px\u00a0\u00bb text_line_height=\u00a0\u00bb1.2em\u00a0\u00bb custom_margin_tablet=\u00a0\u00bb-10px||||false|false\u00a0\u00bb custom_margin_phone=\u00a0\u00bb-10px||||false|false\u00a0\u00bb custom_margin_last_edited=\u00a0\u00bbon|phone\u00a0\u00bb custom_padding=\u00a0\u00bb5px||||false|false\u00a0\u00bb global_colors_info=\u00a0\u00bb{}\u00a0\u00bb]\u00c0 Montr\u00e9al United, la commandite n&rsquo;est pas qu&rsquo;une question d&rsquo;image de marque, c&rsquo;est une question de diff\u00e9rence tangible dans la vie de nos participants. Voici comment votre parrainage peut avoir un impact direct sur nos programmes et nos joueurs :[\/et_pb_text][\/et_pb_column][\/et_pb_row][et_pb_row column_structure=\u00a0\u00bb1_2,1_2&Prime; use_custom_gutter=\u00a0\u00bbon\u00a0\u00bb gutter_width=\u00a0\u00bb2&Prime; make_equal=\u00a0\u00bbon\u00a0\u00bb _builder_version=\u00a0\u00bb4.16&Prime; width=\u00a0\u00bb90%\u00a0\u00bb width_tablet=\u00a0\u00bb90%\u00a0\u00bb width_phone=\u00a0\u00bb90%\u00a0\u00bb width_last_edited=\u00a0\u00bbon|phone\u00a0\u00bb max_width_tablet=\u00a0\u00bb90%\u00a0\u00bb max_width_phone=\u00a0\u00bb90%\u00a0\u00bb max_width_last_edited=\u00a0\u00bboff|desktop\u00a0\u00bb custom_padding=\u00a0\u00bb45px||0px||false|false\u00a0\u00bb global_colors_info=\u00a0\u00bb{}\u00a0\u00bb][et_pb_column type=\u00a0\u00bb1_2&Prime; _builder_version=\u00a0\u00bb4.16&Prime; global_colors_info=\u00a0\u00bb{}\u00a0\u00bb][et_pb_text _builder_version=\u00a0\u00bb4.24.1&Prime; text_font=\u00a0\u00bb||||||||\u00a0\u00bb text_text_color=\u00a0\u00bb#000000&Prime; text_font_size=\u00a0\u00bb18px\u00a0\u00bb text_line_height=\u00a0\u00bb1.2em\u00a0\u00bb global_colors_info=\u00a0\u00bb{}\u00a0\u00bb]<\/p>\n<h2>Donner du pouvoir \u00e0 nos tournois :  <\/h2>\n<p>Votre parrainage contribue directement \u00e0 des \u00e9l\u00e9ments cruciaux tels que la location du gymnase, les officiels, les troph\u00e9es et les t-shirts des participants. Gr\u00e2ce \u00e0 votre soutien, nous pouvons faire en sorte que chaque aspect de nos tournois soit de premier ordre et que tous les participants vivent une exp\u00e9rience m\u00e9morable. [\/et_pb_text][\/et_pb_column][et_pb_column type=\u00a0\u00bb1_2&Prime; _builder_version=\u00a0\u00bb4.16&Prime; global_colors_info=\u00a0\u00bb{}\u00a0\u00bb][et_pb_text _builder_version=\u00a0\u00bb4.24.1&Prime; text_font=\u00a0\u00bb||||||||\u00a0\u00bb text_text_color=\u00a0\u00bb#000000&Prime; text_font_size=\u00a0\u00bb18px\u00a0\u00bb text_line_height=\u00a0\u00bb1.2em\u00a0\u00bb global_colors_info=\u00a0\u00bb{}\u00a0\u00bb]<\/p>\n<h2>L&rsquo;inclusion par le parrainage :<\/h2>\n<p>De nombreux athl\u00e8tes talentueux peuvent \u00eatre confront\u00e9s \u00e0 des obstacles financiers qui les emp\u00eachent de participer \u00e0 nos programmes. Votre parrainage nous permet d&rsquo;accueillir ces personnes et ces \u00e9quipes, quelle que soit leur situation financi\u00e8re. Ensemble, nous pouvons faire en sorte qu&rsquo;aucun joueur ne soit laiss\u00e9 pour compte.[\/et_pb_text][\/et_pb_column][\/et_pb_row][\/et_pb_section][et_pb_section fb_built=\u00a0\u00bb1&Prime; _builder_version=\u00a0\u00bb4.24.1&Prime; _module_preset=\u00a0\u00bbdefault\u00a0\u00bb background_image=\u00a0\u00bbhttps:\/\/montrealunited.ca\/wp-content\/uploads\/2023\/01\/mu-black-mid-banner.png\u00a0\u00bb animation_style=\u00a0\u00bbfade\u00a0\u00bb da_disable_devices=\u00a0\u00bboff|off|off\u00a0\u00bb border_width_top=\u00a0\u00bb8px\u00a0\u00bb border_color_top=\u00a0\u00bbgcid-5b97c902-3890-465c-8369-81f38730b2eb\u00a0\u00bb border_width_bottom=\u00a0\u00bb9px\u00a0\u00bb border_color_bottom=\u00a0\u00bbgcid-5b97c902-3890-465c-8369-81f38730b2eb\u00a0\u00bb global_colors_info=\u00a0\u00bb{%22gcid-5b97c902-3890-465c-8369-81f38730b2eb%22:%91%22border_color_top%22,%22border_color_bottom%22%93}\u00a0\u00bb da_is_popup=\u00a0\u00bboff\u00a0\u00bb da_exit_intent=\u00a0\u00bboff\u00a0\u00bb da_has_close=\u00a0\u00bbon\u00a0\u00bb da_alt_close=\u00a0\u00bboff\u00a0\u00bb da_dark_close=\u00a0\u00bboff\u00a0\u00bb da_not_modal=\u00a0\u00bbon\u00a0\u00bb da_is_singular=\u00a0\u00bboff\u00a0\u00bb da_with_loader=\u00a0\u00bboff\u00a0\u00bb da_has_shadow=\u00a0\u00bbon\u00a0\u00bb][et_pb_row column_structure=\u00a0\u00bb1_2,1_2&Prime; _builder_version=\u00a0\u00bb4.24.1&Prime; _module_preset=\u00a0\u00bbdefault\u00a0\u00bb custom_padding=\u00a0\u00bb2px||0px|||\u00a0\u00bb global_colors_info=\u00a0\u00bb{}\u00a0\u00bb][et_pb_column type=\u00a0\u00bb1_2&Prime; _builder_version=\u00a0\u00bb4.24.1&Prime; _module_preset=\u00a0\u00bbdefault\u00a0\u00bb global_colors_info=\u00a0\u00bb{}\u00a0\u00bb][\/et_pb_column][et_pb_column type=\u00a0\u00bb1_2&Prime; _builder_version=\u00a0\u00bb4.24.1&Prime; _module_preset=\u00a0\u00bbdefault\u00a0\u00bb global_colors_info=\u00a0\u00bb{}\u00a0\u00bb][et_pb_image src=\u00a0\u00bbhttps:\/\/montrealunited.ca\/wp-content\/uploads\/2023\/01\/no-politics-just-ball.png\u00a0\u00bb title_text=\u00a0\u00bbno-politics-just-ball\u00a0\u00bb align=\u00a0\u00bbcenter\u00a0\u00bb _builder_version=\u00a0\u00bb4.24.1&Prime; _module_preset=\u00a0\u00bbdefault\u00a0\u00bb width=\u00a0\u00bb60%\u00a0\u00bb global_colors_info=\u00a0\u00bb{}\u00a0\u00bb][\/et_pb_image][et_pb_text _builder_version=\u00a0\u00bb4.24.1&Prime; _module_preset=\u00a0\u00bbdefault\u00a0\u00bb text_text_color=\u00a0\u00bb#FFFFFF\u00a0\u00bb header_3_font=\u00a0\u00bb||on||||||\u00a0\u00bb header_3_text_align=\u00a0\u00bbcenter\u00a0\u00bb header_3_text_color=\u00a0\u00bb#FFFFFF\u00a0\u00bb header_3_font_size=\u00a0\u00bb30px\u00a0\u00bb header_3_line_height=\u00a0\u00bb1.1em\u00a0\u00bb global_colors_info=\u00a0\u00bb{}\u00a0\u00bb]<\/p>\n<h3>Rejoignez-nous pour fa\u00e7onner l&rsquo;avenir de  <br \/>Montr\u00e9al United<\/h3>\n<p>[\/et_pb_text][\/et_pb_column][\/et_pb_row][\/et_pb_section][et_pb_section fb_built=\u00a0\u00bb1&Prime; custom_padding_last_edited=\u00a0\u00bbon|desktop\u00a0\u00bb _builder_version=\u00a0\u00bb4.24.1&Prime; custom_padding_tablet=\u00a0\u00bb\u00a0\u00bb custom_padding_phone=\u00a0\u00bb\u00a0\u00bb da_disable_devices=\u00a0\u00bboff|off|off\u00a0\u00bb global_colors_info=\u00a0\u00bb{}\u00a0\u00bb da_is_popup=\u00a0\u00bboff\u00a0\u00bb da_exit_intent=\u00a0\u00bboff\u00a0\u00bb da_has_close=\u00a0\u00bbon\u00a0\u00bb da_alt_close=\u00a0\u00bboff\u00a0\u00bb da_dark_close=\u00a0\u00bboff\u00a0\u00bb da_not_modal=\u00a0\u00bbon\u00a0\u00bb da_is_singular=\u00a0\u00bboff\u00a0\u00bb da_with_loader=\u00a0\u00bboff\u00a0\u00bb da_has_shadow=\u00a0\u00bbon\u00a0\u00bb][et_pb_row column_structure=\u00a0\u00bb1_2,1_2&Prime; use_custom_gutter=\u00a0\u00bbon\u00a0\u00bb gutter_width=\u00a0\u00bb2&Prime; make_equal=\u00a0\u00bbon\u00a0\u00bb _builder_version=\u00a0\u00bb4.24.1&Prime; width=\u00a0\u00bb90%\u00a0\u00bb width_tablet=\u00a0\u00bb90%\u00a0\u00bb width_phone=\u00a0\u00bb90%\u00a0\u00bb width_last_edited=\u00a0\u00bbon|phone\u00a0\u00bb max_width_tablet=\u00a0\u00bb90%\u00a0\u00bb max_width_phone=\u00a0\u00bb90%\u00a0\u00bb max_width_last_edited=\u00a0\u00bboff|desktop\u00a0\u00bb global_colors_info=\u00a0\u00bb{}\u00a0\u00bb][et_pb_column type=\u00a0\u00bb1_2&Prime; _builder_version=\u00a0\u00bb4.16&Prime; global_colors_info=\u00a0\u00bb{}\u00a0\u00bb][et_pb_text _builder_version=\u00a0\u00bb4.24.1&Prime; text_font=\u00a0\u00bb||||||||\u00a0\u00bb text_text_color=\u00a0\u00bb#000000&Prime; text_font_size=\u00a0\u00bb18px\u00a0\u00bb text_line_height=\u00a0\u00bb1.2em\u00a0\u00bb global_colors_info=\u00a0\u00bb{}\u00a0\u00bb]<\/p>\n<h2>Favoriser la croissance des programmes d&rsquo;hiver et d&rsquo;\u00e9t\u00e9 :<\/h2>\n<p>En parrainant nos programmes d&rsquo;hiver et d&rsquo;\u00e9t\u00e9, vous nous permettez de soutenir les participants qui ont du mal \u00e0 payer les frais d&rsquo;inscription ou les v\u00eatements de sport n\u00e9cessaires. Votre parrainage contribue directement \u00e0 cr\u00e9er des opportunit\u00e9s pour ces personnes de s&rsquo;\u00e9panouir et de se d\u00e9velopper dans notre programme.<\/p>\n<p>[\/et_pb_text][\/et_pb_column][et_pb_column type=\u00a0\u00bb1_2&Prime; _builder_version=\u00a0\u00bb4.16&Prime; global_colors_info=\u00a0\u00bb{}\u00a0\u00bb][et_pb_text _builder_version=\u00a0\u00bb4.24.1&Prime; text_font=\u00a0\u00bb||||||||\u00a0\u00bb text_text_color=\u00a0\u00bb#000000&Prime; text_font_size=\u00a0\u00bb18px\u00a0\u00bb text_line_height=\u00a0\u00bb1.2em\u00a0\u00bb global_colors_info=\u00a0\u00bb{}\u00a0\u00bb]<\/p>\n<h2>Support Player Travel :  <\/h2>\n<p>Les voyages en voiture constituent un \u00e9l\u00e9ment essentiel de notre programme, car ils offrent des exp\u00e9riences pr\u00e9cieuses et des possibilit\u00e9s de croissance. Votre parrainage permet de couvrir les frais de voyage, garantissant ainsi \u00e0 chaque joueur la possibilit\u00e9 de participer \u00e0 des comp\u00e9titions et de nouer des liens avec ses co\u00e9quipiers sur la route.[\/et_pb_text][\/et_pb_column][\/et_pb_row][\/et_pb_section][et_pb_section fb_built=\u00a0\u00bb1&Prime; theme_builder_area=\u00a0\u00bbpost_content\u00a0\u00bb _builder_version=\u00a0\u00bb4.24.1&Prime; _module_preset=\u00a0\u00bbdefault\u00a0\u00bb background_color=\u00a0\u00bb#000000&Prime; hover_enabled=\u00a0\u00bb0&Prime; sticky_enabled=\u00a0\u00bb0&Prime; da_is_popup=\u00a0\u00bboff\u00a0\u00bb da_exit_intent=\u00a0\u00bboff\u00a0\u00bb da_has_close=\u00a0\u00bbon\u00a0\u00bb da_alt_close=\u00a0\u00bboff\u00a0\u00bb da_dark_close=\u00a0\u00bboff\u00a0\u00bb da_not_modal=\u00a0\u00bbon\u00a0\u00bb da_is_singular=\u00a0\u00bboff\u00a0\u00bb da_with_loader=\u00a0\u00bboff\u00a0\u00bb da_has_shadow=\u00a0\u00bbon\u00a0\u00bb da_disable_devices=\u00a0\u00bboff|off|off\u00a0\u00bb][et_pb_row _builder_version=\u00a0\u00bb4.24.1&Prime; _module_preset=\u00a0\u00bbdefault\u00a0\u00bb width_last_edited=\u00a0\u00bbon|desktop\u00a0\u00bb width=\u00a0\u00bb82%\u00a0\u00bb max_width=\u00a0\u00bb100%\u00a0\u00bb module_alignment_last_edited=\u00a0\u00bbon|desktop\u00a0\u00bb module_alignment=\u00a0\u00bbcenter\u00a0\u00bb hover_enabled=\u00a0\u00bb0&Prime; sticky_enabled=\u00a0\u00bb0&Prime; column_structure=\u00a0\u00bb1_2,1_2&Prime; theme_builder_area=\u00a0\u00bbpost_content\u00a0\u00bb use_custom_gutter=\u00a0\u00bbon\u00a0\u00bb gutter_width=\u00a0\u00bb1&Prime; width_tablet=\u00a0\u00bb82%\u00a0\u00bb width_phone=\u00a0\u00bb82%\u00a0\u00bb module_alignment_tablet=\u00a0\u00bbcenter\u00a0\u00bb module_alignment_phone=\u00a0\u00bbcenter\u00a0\u00bb][et_pb_column _builder_version=\u00a0\u00bb4.24.1&Prime; _module_preset=\u00a0\u00bbdefault\u00a0\u00bb type=\u00a0\u00bb1_2&Prime; theme_builder_area=\u00a0\u00bbpost_content\u00a0\u00bb][\/et_pb_column][et_pb_column _builder_version=\u00a0\u00bb4.24.1&Prime; _module_preset=\u00a0\u00bbdefault\u00a0\u00bb type=\u00a0\u00bb1_2&Prime; theme_builder_area=\u00a0\u00bbpost_content\u00a0\u00bb][et_pb_text _builder_version=\u00a0\u00bb4.24.1&Prime; _module_preset=\u00a0\u00bbdefault\u00a0\u00bb header_2_text_align=\u00a0\u00bbleft\u00a0\u00bb text_text_color=\u00a0\u00bb#FFFFFF\u00a0\u00bb text_font_size=\u00a0\u00bb18px\u00a0\u00bb hover_enabled=\u00a0\u00bb0&Prime; sticky_enabled=\u00a0\u00bb0&Prime; header_text_align=\u00a0\u00bbleft\u00a0\u00bb theme_builder_area=\u00a0\u00bbpost_content\u00a0\u00bb global_colors_info=\u00a0\u00bb{%22gcid-05c0821f-6ffa-40f1-af58-cc218b8827e5%22:%91%22header_text_color%22,%22header_2_text_color%22%93}\u00a0\u00bb header_text_color=\u00a0\u00bbgcid-05c0821f-6ffa-40f1-af58-cc218b8827e5&Prime; header_2_text_color=\u00a0\u00bbgcid-05c0821f-6ffa-40f1-af58-cc218b8827e5&Prime;]<\/p>\n<h2>Aidez-nous \u00e0 donner \u00e0 nos joueurs les moyens d&rsquo;atteindre de nouveaux sommets.<\/h2>\n<p>Ensemble, nous pouvons avoir un impact durable sur la vie des jeunes athl\u00e8tes de notre communaut\u00e9.<\/p>\n<p>[\/et_pb_text][\/et_pb_column][\/et_pb_row][\/et_pb_section]<\/p>\n","protected":false},"excerpt":{"rendered":"<p>Devenez un sponsor de Montreal United !\u00c0 Montr\u00e9al United, la commandite n&rsquo;est pas qu&rsquo;une question d&rsquo;image de marque, c&rsquo;est une question de diff\u00e9rence tangible dans la vie de nos participants. [&hellip;]<\/p>\n","protected":false},"author":1,"featured_media":0,"parent":0,"menu_order":0,"comment_status":"closed","ping_status":"closed","template":"","meta":{"_et_pb_use_builder":"on","_et_pb_old_content":"","_et_gb_content_width":"","footnotes":""},"class_list":["post-71932","page","type-page","status-publish","hentry"],"yoast_head":"<!-- This site is optimized with the Yoast SEO plugin v27.3 - https:\/\/yoast.com\/product\/yoast-seo-wordpress\/ -->\n<title>Parrainage - Montreal United<\/title>\n<meta name=\"robots\" content=\"index, follow, max-snippet:-1, max-image-preview:large, max-video-preview:-1\" \/>\n<link rel=\"canonical\" href=\"https:\/\/montrealunited.ca\/fr\/parrainage\/\" \/>\n<meta property=\"og:locale\" content=\"fr_FR\" \/>\n<meta property=\"og:type\" content=\"article\" \/>\n<meta property=\"og:title\" content=\"Parrainage - Montreal United\" \/>\n<meta property=\"og:description\" content=\"Devenez un sponsor de Montreal United !\u00c0 Montr\u00e9al United, la commandite n&#039;est pas qu&#039;une question d&#039;image de marque, c&#039;est une question de diff\u00e9rence tangible dans la vie de nos participants. [&hellip;]\" \/>\n<meta property=\"og:url\" content=\"https:\/\/montrealunited.ca\/fr\/parrainage\/\" \/>\n<meta property=\"og:site_name\" content=\"Montreal United\" \/>\n<meta property=\"article:modified_time\" content=\"2024-02-29T02:23:12+00:00\" \/>\n<meta name=\"twitter:card\" content=\"summary_large_image\" \/>\n<meta name=\"twitter:label1\" content=\"Dur\u00e9e de lecture estim\u00e9e\" \/>\n\t<meta name=\"twitter:data1\" content=\"7 minutes\" \/>\n<script type=\"application\/ld+json\" class=\"yoast-schema-graph\">{\"@context\":\"https:\\\/\\\/schema.org\",\"@graph\":[{\"@type\":\"WebPage\",\"@id\":\"https:\\\/\\\/montrealunited.ca\\\/fr\\\/parrainage\\\/\",\"url\":\"https:\\\/\\\/montrealunited.ca\\\/fr\\\/parrainage\\\/\",\"name\":\"Parrainage - Montreal United\",\"isPartOf\":{\"@id\":\"https:\\\/\\\/montrealunited.ca\\\/#website\"},\"datePublished\":\"2023-01-13T19:29:56+00:00\",\"dateModified\":\"2024-02-29T02:23:12+00:00\",\"breadcrumb\":{\"@id\":\"https:\\\/\\\/montrealunited.ca\\\/fr\\\/parrainage\\\/#breadcrumb\"},\"inLanguage\":\"fr-FR\",\"potentialAction\":[{\"@type\":\"ReadAction\",\"target\":[\"https:\\\/\\\/montrealunited.ca\\\/fr\\\/parrainage\\\/\"]}]},{\"@type\":\"BreadcrumbList\",\"@id\":\"https:\\\/\\\/montrealunited.ca\\\/fr\\\/parrainage\\\/#breadcrumb\",\"itemListElement\":[{\"@type\":\"ListItem\",\"position\":1,\"name\":\"Home\",\"item\":\"https:\\\/\\\/montrealunited.ca\\\/fr\\\/\"},{\"@type\":\"ListItem\",\"position\":2,\"name\":\"Parrainage\"}]},{\"@type\":\"WebSite\",\"@id\":\"https:\\\/\\\/montrealunited.ca\\\/#website\",\"url\":\"https:\\\/\\\/montrealunited.ca\\\/\",\"name\":\"Montreal United\",\"description\":\"\",\"potentialAction\":[{\"@type\":\"SearchAction\",\"target\":{\"@type\":\"EntryPoint\",\"urlTemplate\":\"https:\\\/\\\/montrealunited.ca\\\/?s={search_term_string}\"},\"query-input\":{\"@type\":\"PropertyValueSpecification\",\"valueRequired\":true,\"valueName\":\"search_term_string\"}}],\"inLanguage\":\"fr-FR\"}]}<\/script>\n<!-- \/ Yoast SEO plugin. -->","yoast_head_json":{"title":"Parrainage - Montreal United","robots":{"index":"index","follow":"follow","max-snippet":"max-snippet:-1","max-image-preview":"max-image-preview:large","max-video-preview":"max-video-preview:-1"},"canonical":"https:\/\/montrealunited.ca\/fr\/parrainage\/","og_locale":"fr_FR","og_type":"article","og_title":"Parrainage - Montreal United","og_description":"Devenez un sponsor de Montreal United !\u00c0 Montr\u00e9al United, la commandite n'est pas qu'une question d'image de marque, c'est une question de diff\u00e9rence tangible dans la vie de nos participants. [&hellip;]","og_url":"https:\/\/montrealunited.ca\/fr\/parrainage\/","og_site_name":"Montreal United","article_modified_time":"2024-02-29T02:23:12+00:00","twitter_card":"summary_large_image","twitter_misc":{"Dur\u00e9e de lecture estim\u00e9e":"7 minutes"},"schema":{"@context":"https:\/\/schema.org","@graph":[{"@type":"WebPage","@id":"https:\/\/montrealunited.ca\/fr\/parrainage\/","url":"https:\/\/montrealunited.ca\/fr\/parrainage\/","name":"Parrainage - Montreal United","isPartOf":{"@id":"https:\/\/montrealunited.ca\/#website"},"datePublished":"2023-01-13T19:29:56+00:00","dateModified":"2024-02-29T02:23:12+00:00","breadcrumb":{"@id":"https:\/\/montrealunited.ca\/fr\/parrainage\/#breadcrumb"},"inLanguage":"fr-FR","potentialAction":[{"@type":"ReadAction","target":["https:\/\/montrealunited.ca\/fr\/parrainage\/"]}]},{"@type":"BreadcrumbList","@id":"https:\/\/montrealunited.ca\/fr\/parrainage\/#breadcrumb","itemListElement":[{"@type":"ListItem","position":1,"name":"Home","item":"https:\/\/montrealunited.ca\/fr\/"},{"@type":"ListItem","position":2,"name":"Parrainage"}]},{"@type":"WebSite","@id":"https:\/\/montrealunited.ca\/#website","url":"https:\/\/montrealunited.ca\/","name":"Montreal United","description":"","potentialAction":[{"@type":"SearchAction","target":{"@type":"EntryPoint","urlTemplate":"https:\/\/montrealunited.ca\/?s={search_term_string}"},"query-input":{"@type":"PropertyValueSpecification","valueRequired":true,"valueName":"search_term_string"}}],"inLanguage":"fr-FR"}]}},"_links":{"self":[{"href":"https:\/\/montrealunited.ca\/fr\/wp-json\/wp\/v2\/pages\/71932","targetHints":{"allow":["GET"]}}],"collection":[{"href":"https:\/\/montrealunited.ca\/fr\/wp-json\/wp\/v2\/pages"}],"about":[{"href":"https:\/\/montrealunited.ca\/fr\/wp-json\/wp\/v2\/types\/page"}],"author":[{"embeddable":true,"href":"https:\/\/montrealunited.ca\/fr\/wp-json\/wp\/v2\/users\/1"}],"replies":[{"embeddable":true,"href":"https:\/\/montrealunited.ca\/fr\/wp-json\/wp\/v2\/comments?post=71932"}],"version-history":[{"count":2,"href":"https:\/\/montrealunited.ca\/fr\/wp-json\/wp\/v2\/pages\/71932\/revisions"}],"predecessor-version":[{"id":71934,"href":"https:\/\/montrealunited.ca\/fr\/wp-json\/wp\/v2\/pages\/71932\/revisions\/71934"}],"wp:attachment":[{"href":"https:\/\/montrealunited.ca\/fr\/wp-json\/wp\/v2\/media?parent=71932"}],"curies":[{"name":"wp","href":"https:\/\/api.w.org\/{rel}","templated":true}]}}