{"id":71929,"date":"2024-02-19T10:08:15","date_gmt":"2024-02-19T15:08:15","guid":{"rendered":"https:\/\/montrealunited.ca\/les-programmes\/"},"modified":"2024-02-28T21:22:59","modified_gmt":"2024-02-29T02:22:59","slug":"les-programmes","status":"publish","type":"page","link":"https:\/\/montrealunited.ca\/fr\/les-programmes\/","title":{"rendered":"Les programmes"},"content":{"rendered":"<p>[et_pb_section fb_built=\u00a0\u00bb1&Prime; _builder_version=\u00a0\u00bb4.24.1&Prime; _module_preset=\u00a0\u00bbdefault\u00a0\u00bb use_background_color_gradient=\u00a0\u00bbon\u00a0\u00bb background_color_gradient_stops=\u00a0\u00bbrgba(0,0,0,0.5) 0%|rgba(0,0,0,0.5) 100%\u00a0\u00bb background_color_gradient_overlays_image=\u00a0\u00bbon\u00a0\u00bb background_image=\u00a0\u00bbhttps:\/\/montrealunited.ca\/wp-content\/uploads\/2024\/02\/montreal-united-programs-header.jpg\u00a0\u00bb custom_padding=\u00a0\u00bb6vw||18vw||false|false\u00a0\u00bb animation_style=\u00a0\u00bbfade\u00a0\u00bb da_disable_devices=\u00a0\u00bboff|off|off\u00a0\u00bb border_width_bottom=\u00a0\u00bb10px\u00a0\u00bb border_color_bottom=\u00a0\u00bbgcid-5b97c902-3890-465c-8369-81f38730b2eb\u00a0\u00bb saved_tabs=\u00a0\u00bball\u00a0\u00bb locked=\u00a0\u00bboff\u00a0\u00bb global_colors_info=\u00a0\u00bb{%22gcid-5b97c902-3890-465c-8369-81f38730b2eb%22:%91%22border_color_bottom%22,%22border_color_bottom%22%93}\u00a0\u00bb da_is_popup=\u00a0\u00bboff\u00a0\u00bb da_exit_intent=\u00a0\u00bboff\u00a0\u00bb da_has_close=\u00a0\u00bbon\u00a0\u00bb da_alt_close=\u00a0\u00bboff\u00a0\u00bb da_dark_close=\u00a0\u00bboff\u00a0\u00bb da_not_modal=\u00a0\u00bbon\u00a0\u00bb da_is_singular=\u00a0\u00bboff\u00a0\u00bb da_with_loader=\u00a0\u00bboff\u00a0\u00bb da_has_shadow=\u00a0\u00bbon\u00a0\u00bb][et_pb_row _builder_version=\u00a0\u00bb4.19.4&Prime; _module_preset=\u00a0\u00bbdefault\u00a0\u00bb width=\u00a0\u00bb90%\u00a0\u00bb max_width=\u00a0\u00bb100%\u00a0\u00bb global_colors_info=\u00a0\u00bb{}\u00a0\u00bb][et_pb_column type=\u00a0\u00bb4_4&Prime; _builder_version=\u00a0\u00bb4.19.4&Prime; _module_preset=\u00a0\u00bbdefault\u00a0\u00bb global_colors_info=\u00a0\u00bb{}\u00a0\u00bb][\/et_pb_column][\/et_pb_row][\/et_pb_section][et_pb_section fb_built=\u00a0\u00bb1&Prime; _builder_version=\u00a0\u00bb4.24.1&Prime; hover_enabled=\u00a0\u00bb0&Prime; da_disable_devices=\u00a0\u00bboff|off|off\u00a0\u00bb global_colors_info=\u00a0\u00bb{}\u00a0\u00bb sticky_enabled=\u00a0\u00bb0&Prime; da_is_popup=\u00a0\u00bboff\u00a0\u00bb da_exit_intent=\u00a0\u00bboff\u00a0\u00bb da_has_close=\u00a0\u00bbon\u00a0\u00bb da_alt_close=\u00a0\u00bboff\u00a0\u00bb da_dark_close=\u00a0\u00bboff\u00a0\u00bb da_not_modal=\u00a0\u00bbon\u00a0\u00bb da_is_singular=\u00a0\u00bboff\u00a0\u00bb da_with_loader=\u00a0\u00bboff\u00a0\u00bb da_has_shadow=\u00a0\u00bbon\u00a0\u00bb][et_pb_row _builder_version=\u00a0\u00bb4.24.1&Prime; _module_preset=\u00a0\u00bbdefault\u00a0\u00bb column_structure=\u00a0\u00bb2_3,1_3&Prime;][et_pb_column _builder_version=\u00a0\u00bb4.24.1&Prime; _module_preset=\u00a0\u00bbdefault\u00a0\u00bb type=\u00a0\u00bb2_3&Prime;][et_pb_text _builder_version=\u00a0\u00bb4.24.1&Prime; header_4_font=\u00a0\u00bbPoppins|700|||||||\u00a0\u00bb header_4_text_align=\u00a0\u00bbleft\u00a0\u00bb header_4_text_color=\u00a0\u00bb#000000&Prime; header_4_font_size=\u00a0\u00bb33px\u00a0\u00bb header_4_line_height=\u00a0\u00bb1.3em\u00a0\u00bb max_width=\u00a0\u00bb636px\u00a0\u00bb module_alignment=\u00a0\u00bbleft\u00a0\u00bb custom_margin=\u00a0\u00bb-8px||||false|false\u00a0\u00bb custom_margin_tablet=\u00a0\u00bb-18px||||false|false\u00a0\u00bb custom_margin_phone=\u00a0\u00bb-18px||||false|false\u00a0\u00bb custom_margin_last_edited=\u00a0\u00bbon|phone\u00a0\u00bb header_4_font_size_tablet=\u00a0\u00bb33px\u00a0\u00bb header_4_font_size_phone=\u00a0\u00bb22px\u00a0\u00bb header_4_font_size_last_edited=\u00a0\u00bbon|phone\u00a0\u00bb global_colors_info=\u00a0\u00bb{}\u00a0\u00bb]<\/p>\n<h2>Programme uni de Montr\u00e9al :  <br \/>Am\u00e9liorez votre jeu et donnez de l&rsquo;\u00e9nergie \u00e0 votre voyage !<\/h2>\n<p>[\/et_pb_text][et_pb_text _builder_version=\u00a0\u00bb4.24.1&Prime; text_font=\u00a0\u00bb||||||||\u00a0\u00bb text_text_color=\u00a0\u00bb#000000&Prime; text_font_size=\u00a0\u00bb18px\u00a0\u00bb text_line_height=\u00a0\u00bb1.2em\u00a0\u00bb max_width=\u00a0\u00bb720px\u00a0\u00bb module_alignment=\u00a0\u00bbleft\u00a0\u00bb custom_margin=\u00a0\u00bb-7px||||false|false\u00a0\u00bb custom_margin_tablet=\u00a0\u00bb-17px||||false|false\u00a0\u00bb custom_margin_phone=\u00a0\u00bb-17px||||false|false\u00a0\u00bb custom_margin_last_edited=\u00a0\u00bbon|phone\u00a0\u00bb global_colors_info=\u00a0\u00bb{}\u00a0\u00bb]\u00cates-vous pr\u00eat \u00e0 vivre l&rsquo;\u00e9motion de la comp\u00e9tition et la joie de la camaraderie ? Bienvenue au programme Montreal United, une exp\u00e9rience dynamique de basket-ball con\u00e7ue pour r\u00e9v\u00e9ler ton potentiel sur le terrain et en dehors.[\/et_pb_text][\/et_pb_column][et_pb_column _builder_version=\u00a0\u00bb4.24.1&Prime; _module_preset=\u00a0\u00bbdefault\u00a0\u00bb type=\u00a0\u00bb1_3&Prime;][\/et_pb_column][\/et_pb_row][et_pb_row column_structure=\u00a0\u00bb1_2,1_2&Prime; use_custom_gutter=\u00a0\u00bbon\u00a0\u00bb gutter_width=\u00a0\u00bb2&Prime; make_equal=\u00a0\u00bbon\u00a0\u00bb _builder_version=\u00a0\u00bb4.24.1&Prime; width=\u00a0\u00bb90%\u00a0\u00bb width_tablet=\u00a0\u00bb90%\u00a0\u00bb width_phone=\u00a0\u00bb90%\u00a0\u00bb width_last_edited=\u00a0\u00bbon|desktop\u00a0\u00bb max_width_tablet=\u00a0\u00bb90%\u00a0\u00bb max_width_phone=\u00a0\u00bb90%\u00a0\u00bb max_width_last_edited=\u00a0\u00bboff|desktop\u00a0\u00bb custom_padding=\u00a0\u00bb0px||0px||false|false\u00a0\u00bb global_colors_info=\u00a0\u00bb{}\u00a0\u00bb][et_pb_column type=\u00a0\u00bb1_2&Prime; _builder_version=\u00a0\u00bb4.18.0&Prime; custom_padding=\u00a0\u00bb55px|45px|55px|45px|true|true\u00a0\u00bb box_shadow_style=\u00a0\u00bbpreset2&Prime; box_shadow_horizontal=\u00a0\u00bb4px\u00a0\u00bb box_shadow_vertical=\u00a0\u00bb11px\u00a0\u00bb box_shadow_blur=\u00a0\u00bb24px\u00a0\u00bb box_shadow_color=\u00a0\u00bbrgba(0,0,0,0)\u00a0\u00bb global_colors_info=\u00a0\u00bb{}\u00a0\u00bb box_shadow_color__hover=\u00a0\u00bbrgba(35,61,98,0.1)\u00a0\u00bb box_shadow_color__hover_enabled=\u00a0\u00bbon|hover\u00a0\u00bb][et_pb_icon font_icon=\u00a0\u00bb&#xf091;||fa||900&Prime; icon_color=\u00a0\u00bbgcid-05c0821f-6ffa-40f1-af58-cc218b8827e5&Prime; icon_width=\u00a0\u00bb64px\u00a0\u00bb align=\u00a0\u00bbleft\u00a0\u00bb _builder_version=\u00a0\u00bb4.24.1&Prime; _module_preset=\u00a0\u00bbdefault\u00a0\u00bb global_colors_info=\u00a0\u00bb{%22gcid-05c0821f-6ffa-40f1-af58-cc218b8827e5%22:%91%22icon_color%22%93}\u00a0\u00bb][\/et_pb_icon][et_pb_blurb title=\u00a0\u00bbTournoi de basket-ball L.A.B.\u00a0\u00bb content_max_width=\u00a0\u00bb100%\u00a0\u00bb _builder_version=\u00a0\u00bb4.24.1&Prime; header_font=\u00a0\u00bb|600|||||||\u00a0\u00bb header_text_align=\u00a0\u00bbleft\u00a0\u00bb header_text_color=\u00a0\u00bbgcid-8fb4363e-3d1b-42d6-93ad-21eb2550d942&Prime; header_font_size=\u00a0\u00bb20px\u00a0\u00bb body_font=\u00a0\u00bb||||||||\u00a0\u00bb body_text_align=\u00a0\u00bbleft\u00a0\u00bb body_text_color=\u00a0\u00bb#000000&Prime; body_font_size=\u00a0\u00bb15px\u00a0\u00bb body_line_height=\u00a0\u00bb1.2em\u00a0\u00bb custom_margin=\u00a0\u00bb20px||||false|false\u00a0\u00bb animation=\u00a0\u00bboff\u00a0\u00bb global_colors_info=\u00a0\u00bb{%22gcid-8fb4363e-3d1b-42d6-93ad-21eb2550d942%22:%91%22header_text_color%22%93}\u00a0\u00bb]Entrez sous les feux de la rampe et montrez vos talents dans notre prestigieux tournoi de basket-ball. Depuis pr\u00e8s de 15 ans, nous sommes la destination privil\u00e9gi\u00e9e des joueurs de la ville et d&rsquo;ailleurs. Mais il ne s&rsquo;agit pas seulement de jouer, il s&rsquo;agit aussi de nouer des liens pour la vie et de c\u00e9l\u00e9brer l&rsquo;esprit sportif.[\/et_pb_blurb][\/et_pb_column][et_pb_column type=\u00a0\u00bb1_2&Prime; _builder_version=\u00a0\u00bb4.16&Prime; custom_padding=\u00a0\u00bb55px|45px|55px|45px|true|true\u00a0\u00bb box_shadow_style=\u00a0\u00bbpreset2&Prime; box_shadow_horizontal=\u00a0\u00bb4px\u00a0\u00bb box_shadow_vertical=\u00a0\u00bb11px\u00a0\u00bb box_shadow_blur=\u00a0\u00bb24px\u00a0\u00bb box_shadow_color=\u00a0\u00bbrgba(0,0,0,0)\u00a0\u00bb global_colors_info=\u00a0\u00bb{}\u00a0\u00bb box_shadow_color__hover_enabled=\u00a0\u00bbon|hover\u00a0\u00bb box_shadow_color__hover=\u00a0\u00bbrgba(35,61,98,0.1)\u00a0\u00bb][et_pb_icon font_icon=\u00a0\u00bb&#xf434;||fa||900&Prime; icon_color=\u00a0\u00bbgcid-05c0821f-6ffa-40f1-af58-cc218b8827e5&Prime; icon_width=\u00a0\u00bb64px\u00a0\u00bb align=\u00a0\u00bbleft\u00a0\u00bb _builder_version=\u00a0\u00bb4.24.1&Prime; _module_preset=\u00a0\u00bbdefault\u00a0\u00bb global_colors_info=\u00a0\u00bb{%22gcid-05c0821f-6ffa-40f1-af58-cc218b8827e5%22:%91%22icon_color%22%93}\u00a0\u00bb][\/et_pb_icon][et_pb_blurb title=\u00a0\u00bbProgrammes d&apos;hiver et d&apos;\u00e9t\u00e9\u00a0\u00bb content_max_width=\u00a0\u00bb100%\u00a0\u00bb _builder_version=\u00a0\u00bb4.24.1&Prime; header_font=\u00a0\u00bb|600|||||||\u00a0\u00bb header_text_align=\u00a0\u00bbleft\u00a0\u00bb header_text_color=\u00a0\u00bbgcid-8fb4363e-3d1b-42d6-93ad-21eb2550d942&Prime; header_font_size=\u00a0\u00bb20px\u00a0\u00bb body_font=\u00a0\u00bb||||||||\u00a0\u00bb body_text_align=\u00a0\u00bbleft\u00a0\u00bb body_text_color=\u00a0\u00bb#000000&Prime; body_font_size=\u00a0\u00bb15px\u00a0\u00bb body_line_height=\u00a0\u00bb1.2em\u00a0\u00bb custom_margin=\u00a0\u00bb20px||||false|false\u00a0\u00bb animation=\u00a0\u00bboff\u00a0\u00bb global_colors_info=\u00a0\u00bb{%22gcid-8fb4363e-3d1b-42d6-93ad-21eb2550d942%22:%91%22header_text_color%22%93}\u00a0\u00bb]Nos programmes complets se d\u00e9roulent tout au long de l&rsquo;ann\u00e9e, garantissant une croissance et un d\u00e9veloppement continus. Dans le cadre du programme d&rsquo;hiver, d&rsquo;octobre \u00e0 avril, les participants participent \u00e0 des exercices de d\u00e9veloppement des comp\u00e9tences et \u00e0 des matchs d&rsquo;exhibition passionnants. Le programme d&rsquo;\u00e9t\u00e9, qui s&rsquo;\u00e9tend de mai \u00e0 ao\u00fbt, se concentre sur l&rsquo;am\u00e9lioration des comp\u00e9tences tout en encourageant la joie du jeu.[\/et_pb_blurb][\/et_pb_column][\/et_pb_row][et_pb_row column_structure=\u00a0\u00bb1_2,1_2&Prime; use_custom_gutter=\u00a0\u00bbon\u00a0\u00bb gutter_width=\u00a0\u00bb2&Prime; make_equal=\u00a0\u00bbon\u00a0\u00bb _builder_version=\u00a0\u00bb4.24.1&Prime; width=\u00a0\u00bb90%\u00a0\u00bb width_tablet=\u00a0\u00bb90%\u00a0\u00bb width_phone=\u00a0\u00bb90%\u00a0\u00bb width_last_edited=\u00a0\u00bbon|desktop\u00a0\u00bb max_width_tablet=\u00a0\u00bb90%\u00a0\u00bb max_width_phone=\u00a0\u00bb90%\u00a0\u00bb max_width_last_edited=\u00a0\u00bboff|desktop\u00a0\u00bb custom_padding=\u00a0\u00bb0px||0px||false|false\u00a0\u00bb global_colors_info=\u00a0\u00bb{}\u00a0\u00bb][et_pb_column type=\u00a0\u00bb1_2&Prime; _builder_version=\u00a0\u00bb4.16&Prime; custom_padding=\u00a0\u00bb55px|45px|55px|45px|true|true\u00a0\u00bb box_shadow_style=\u00a0\u00bbpreset2&Prime; box_shadow_horizontal=\u00a0\u00bb4px\u00a0\u00bb box_shadow_vertical=\u00a0\u00bb11px\u00a0\u00bb box_shadow_blur=\u00a0\u00bb24px\u00a0\u00bb box_shadow_color=\u00a0\u00bbrgba(0,0,0,0)\u00a0\u00bb global_colors_info=\u00a0\u00bb{}\u00a0\u00bb box_shadow_color__hover_enabled=\u00a0\u00bbon|hover\u00a0\u00bb box_shadow_color__hover=\u00a0\u00bbrgba(35,61,98,0.1)\u00a0\u00bb][et_pb_icon font_icon=\u00a0\u00bb&#xf4c4;||fa||900&Prime; icon_color=\u00a0\u00bbgcid-05c0821f-6ffa-40f1-af58-cc218b8827e5&Prime; icon_width=\u00a0\u00bb64px\u00a0\u00bb align=\u00a0\u00bbleft\u00a0\u00bb _builder_version=\u00a0\u00bb4.24.1&Prime; _module_preset=\u00a0\u00bbdefault\u00a0\u00bb global_colors_info=\u00a0\u00bb{%22gcid-05c0821f-6ffa-40f1-af58-cc218b8827e5%22:%91%22icon_color%22%93}\u00a0\u00bb][\/et_pb_icon][et_pb_blurb title=\u00a0\u00bbMentorat et camaraderie\u00a0\u00bb content_max_width=\u00a0\u00bb100%\u00a0\u00bb _builder_version=\u00a0\u00bb4.24.1&Prime; header_font=\u00a0\u00bb|600|||||||\u00a0\u00bb header_text_align=\u00a0\u00bbleft\u00a0\u00bb header_text_color=\u00a0\u00bbgcid-8fb4363e-3d1b-42d6-93ad-21eb2550d942&Prime; header_font_size=\u00a0\u00bb20px\u00a0\u00bb body_font=\u00a0\u00bb||||||||\u00a0\u00bb body_text_align=\u00a0\u00bbleft\u00a0\u00bb body_text_color=\u00a0\u00bb#000000&Prime; body_font_size=\u00a0\u00bb15px\u00a0\u00bb body_line_height=\u00a0\u00bb1.2em\u00a0\u00bb custom_margin=\u00a0\u00bb20px||||false|false\u00a0\u00bb animation=\u00a0\u00bboff\u00a0\u00bb global_colors_info=\u00a0\u00bb{%22gcid-8fb4363e-3d1b-42d6-93ad-21eb2550d942%22:%91%22header_text_color%22%93}\u00a0\u00bb]<\/p>\n<p>Au-del\u00e0 du jeu, Montreal United offre une composante de mentorat unique. Beaucoup de nos participants n&rsquo;ont jamais voyag\u00e9 en dehors de leur province, faisant de notre programme leur premier contact avec l&rsquo;aventure. Par le biais du mentorat et de la camaraderie, nous favorisons le d\u00e9veloppement social parall\u00e8lement au d\u00e9veloppement athl\u00e9tique, ce qui permet aux joueurs d&rsquo;exceller dans tous les aspects de la vie.<\/p>\n<p>[\/et_pb_blurb][\/et_pb_column][et_pb_column type=\u00a0\u00bb1_2&Prime; _builder_version=\u00a0\u00bb4.18.0&Prime; custom_padding=\u00a0\u00bb55px|45px|55px|45px|true|true\u00a0\u00bb box_shadow_style=\u00a0\u00bbpreset2&Prime; box_shadow_horizontal=\u00a0\u00bb4px\u00a0\u00bb box_shadow_vertical=\u00a0\u00bb11px\u00a0\u00bb box_shadow_blur=\u00a0\u00bb24px\u00a0\u00bb box_shadow_color=\u00a0\u00bbrgba(0,0,0,0)\u00a0\u00bb global_colors_info=\u00a0\u00bb{}\u00a0\u00bb box_shadow_color__hover=\u00a0\u00bbrgba(35,61,98,0.1)\u00a0\u00bb box_shadow_color__hover_enabled=\u00a0\u00bbon|hover\u00a0\u00bb][et_pb_icon font_icon=\u00a0\u00bb&#xf57c;||fa||900&Prime; icon_color=\u00a0\u00bbgcid-05c0821f-6ffa-40f1-af58-cc218b8827e5&Prime; icon_width=\u00a0\u00bb64px\u00a0\u00bb align=\u00a0\u00bbleft\u00a0\u00bb _builder_version=\u00a0\u00bb4.24.1&Prime; _module_preset=\u00a0\u00bbdefault\u00a0\u00bb global_colors_info=\u00a0\u00bb{%22gcid-05c0821f-6ffa-40f1-af58-cc218b8827e5%22:%91%22icon_color%22%93}\u00a0\u00bb][\/et_pb_icon][et_pb_blurb title=\u00a0\u00bbOpportunit\u00e9s nationales et internationales\u00a0\u00bb content_max_width=\u00a0\u00bb100%\u00a0\u00bb title_last_edited=\u00a0\u00bboff|desktop\u00a0\u00bb _builder_version=\u00a0\u00bb4.24.1&Prime; header_font=\u00a0\u00bb|600|||||||\u00a0\u00bb header_text_align=\u00a0\u00bbleft\u00a0\u00bb header_text_color=\u00a0\u00bbgcid-8fb4363e-3d1b-42d6-93ad-21eb2550d942&Prime; header_font_size=\u00a0\u00bb20px\u00a0\u00bb body_font=\u00a0\u00bb||||||||\u00a0\u00bb body_text_align=\u00a0\u00bbleft\u00a0\u00bb body_text_color=\u00a0\u00bb#000000&Prime; body_font_size=\u00a0\u00bb15px\u00a0\u00bb body_line_height=\u00a0\u00bb1.2em\u00a0\u00bb custom_margin=\u00a0\u00bb20px||||false|false\u00a0\u00bb animation=\u00a0\u00bboff\u00a0\u00bb global_colors_info=\u00a0\u00bb{%22gcid-8fb4363e-3d1b-42d6-93ad-21eb2550d942%22:%91%22header_text_color%22%93}\u00a0\u00bb]Montr\u00e9al United ne se contente pas de jouer au niveau local, il s&rsquo;agit de rivaliser sur la sc\u00e8ne mondiale. En ayant l&rsquo;occasion de montrer vos talents \u00e0 travers le Canada et les \u00c9tats-Unis, vous \u00e9largirez vos horizons et vous vous forgerez des souvenirs qui dureront toute votre vie.[\/et_pb_blurb][\/et_pb_column][\/et_pb_row][et_pb_row _builder_version=\u00a0\u00bb4.24.1&Prime; _module_preset=\u00a0\u00bbdefault\u00a0\u00bb width=\u00a0\u00bb60%\u00a0\u00bb hover_enabled=\u00a0\u00bb0&Prime; global_colors_info=\u00a0\u00bb{}\u00a0\u00bb width_last_edited=\u00a0\u00bbon|phone\u00a0\u00bb max_width_last_edited=\u00a0\u00bbon|phone\u00a0\u00bb max_width_phone=\u00a0\u00bb100%\u00a0\u00bb width_phone=\u00a0\u00bb80%\u00a0\u00bb sticky_enabled=\u00a0\u00bb0&Prime; width_tablet=\u00a0\u00bb60%\u00a0\u00bb][et_pb_column type=\u00a0\u00bb4_4&Prime; _builder_version=\u00a0\u00bb4.24.1&Prime; _module_preset=\u00a0\u00bbdefault\u00a0\u00bb global_colors_info=\u00a0\u00bb{}\u00a0\u00bb][et_pb_text _builder_version=\u00a0\u00bb4.24.1&Prime; _module_preset=\u00a0\u00bbdefault\u00a0\u00bb text_font_size=\u00a0\u00bb18px\u00a0\u00bb header_2_font=\u00a0\u00bb|600|||||||\u00a0\u00bb header_2_font_size=\u00a0\u00bb32px\u00a0\u00bb text_orientation=\u00a0\u00bbcenter\u00a0\u00bb hover_enabled=\u00a0\u00bb0&Prime; global_colors_info=\u00a0\u00bb{}\u00a0\u00bb sticky_enabled=\u00a0\u00bb0&Prime;]<\/p>\n<h2>Rejoignez-nous et participez \u00e0 quelque chose de vraiment sp\u00e9cial.<\/h2>\n<p>Que vous visiez la victoire sur le terrain ou que vous cherchiez \u00e0 nouer des amiti\u00e9s pour la vie, Montr\u00e9al United est l&rsquo;endroit o\u00f9 votre voyage de basket-ball commence.<\/p>\n<p>[\/et_pb_text][\/et_pb_column][\/et_pb_row][\/et_pb_section][et_pb_section fb_built=\u00a0\u00bb1&Prime; _builder_version=\u00a0\u00bb4.24.1&Prime; _module_preset=\u00a0\u00bbdefault\u00a0\u00bb background_image=\u00a0\u00bbhttps:\/\/montrealunited.ca\/wp-content\/uploads\/2024\/02\/montreal-united-programs-footer.jpg\u00a0\u00bb hover_enabled=\u00a0\u00bb0&Prime; da_disable_devices=\u00a0\u00bboff|off|off\u00a0\u00bb border_width_top=\u00a0\u00bb8px\u00a0\u00bb border_color_top=\u00a0\u00bbgcid-5b97c902-3890-465c-8369-81f38730b2eb\u00a0\u00bb global_colors_info=\u00a0\u00bb{%22gcid-5b97c902-3890-465c-8369-81f38730b2eb%22:%91%22border_color_top%22%93}\u00a0\u00bb sticky_enabled=\u00a0\u00bb0&Prime; da_is_popup=\u00a0\u00bboff\u00a0\u00bb da_exit_intent=\u00a0\u00bboff\u00a0\u00bb da_has_close=\u00a0\u00bbon\u00a0\u00bb da_alt_close=\u00a0\u00bboff\u00a0\u00bb da_dark_close=\u00a0\u00bboff\u00a0\u00bb da_not_modal=\u00a0\u00bbon\u00a0\u00bb da_is_singular=\u00a0\u00bboff\u00a0\u00bb da_with_loader=\u00a0\u00bboff\u00a0\u00bb da_has_shadow=\u00a0\u00bbon\u00a0\u00bb][et_pb_row column_structure=\u00a0\u00bb1_2,1_2&Prime; _builder_version=\u00a0\u00bb4.24.1&Prime; _module_preset=\u00a0\u00bbdefault\u00a0\u00bb global_colors_info=\u00a0\u00bb{}\u00a0\u00bb][et_pb_column type=\u00a0\u00bb1_2&Prime; _builder_version=\u00a0\u00bb4.24.1&Prime; _module_preset=\u00a0\u00bbdefault\u00a0\u00bb global_colors_info=\u00a0\u00bb{}\u00a0\u00bb][et_pb_image src=\u00a0\u00bbhttps:\/\/montrealunited.ca\/wp-content\/uploads\/2023\/01\/basketball-logo-favicon.png\u00a0\u00bb title_text=\u00a0\u00bbbasketball-logo-favicon\u00a0\u00bb align=\u00a0\u00bbcenter\u00a0\u00bb _builder_version=\u00a0\u00bb4.24.1&Prime; _module_preset=\u00a0\u00bbdefault\u00a0\u00bb width=\u00a0\u00bb50%\u00a0\u00bb custom_margin=\u00a0\u00bb||-1px|||\u00a0\u00bb hover_enabled=\u00a0\u00bb0&Prime; global_colors_info=\u00a0\u00bb{}\u00a0\u00bb align_last_edited=\u00a0\u00bbon|tablet\u00a0\u00bb width_last_edited=\u00a0\u00bbon|tablet\u00a0\u00bb width_tablet=\u00a0\u00bb30%\u00a0\u00bb sticky_enabled=\u00a0\u00bb0&Prime; width_phone=\u00a0\u00bb45%\u00a0\u00bb align_tablet=\u00a0\u00bbcenter\u00a0\u00bb align_phone=\u00a0\u00bbcenter\u00a0\u00bb][\/et_pb_image][et_pb_text _builder_version=\u00a0\u00bb4.24.1&Prime; _module_preset=\u00a0\u00bbdefault\u00a0\u00bb header_2_font=\u00a0\u00bb|600|on||||||\u00a0\u00bb header_2_text_align=\u00a0\u00bbcenter\u00a0\u00bb header_2_text_color=\u00a0\u00bb#FFFFFF\u00a0\u00bb header_2_font_size=\u00a0\u00bb34px\u00a0\u00bb hover_enabled=\u00a0\u00bb0&Prime; header_2_text_shadow_style=\u00a0\u00bbpreset1&Prime; global_colors_info=\u00a0\u00bb{}\u00a0\u00bb header_2_text_color_last_edited=\u00a0\u00bbon|tablet\u00a0\u00bb header_2_text_color_tablet=\u00a0\u00bb#000000&Prime; sticky_enabled=\u00a0\u00bb0&Prime; header_2_text_color_phone=\u00a0\u00bb#000000&Prime;]<\/p>\n<h2>Ne vous contentez pas de jouer le jeu, embrassez-le avec Montreal United !<\/h2>\n<p>[\/et_pb_text][\/et_pb_column][et_pb_column type=\u00a0\u00bb1_2&Prime; _builder_version=\u00a0\u00bb4.24.1&Prime; _module_preset=\u00a0\u00bbdefault\u00a0\u00bb global_colors_info=\u00a0\u00bb{}\u00a0\u00bb][\/et_pb_column][\/et_pb_row][\/et_pb_section]<\/p>\n","protected":false},"excerpt":{"rendered":"<p>Programme uni de Montr\u00e9al : Am\u00e9liorez votre jeu et donnez de l&rsquo;\u00e9nergie \u00e0 votre voyage !\u00cates-vous pr\u00eat \u00e0 vivre l&rsquo;\u00e9motion de la comp\u00e9tition et la joie de la camaraderie ? [&hellip;]<\/p>\n","protected":false},"author":1,"featured_media":0,"parent":0,"menu_order":0,"comment_status":"closed","ping_status":"closed","template":"","meta":{"_et_pb_use_builder":"on","_et_pb_old_content":"","_et_gb_content_width":"","footnotes":""},"class_list":["post-71929","page","type-page","status-publish","hentry"],"yoast_head":"<!-- This site is optimized with the Yoast SEO plugin v27.3 - https:\/\/yoast.com\/product\/yoast-seo-wordpress\/ -->\n<title>Les programmes - Montreal United<\/title>\n<meta name=\"robots\" content=\"index, follow, max-snippet:-1, max-image-preview:large, max-video-preview:-1\" \/>\n<link rel=\"canonical\" href=\"https:\/\/montrealunited.ca\/fr\/les-programmes\/\" \/>\n<meta property=\"og:locale\" content=\"fr_FR\" \/>\n<meta property=\"og:type\" content=\"article\" \/>\n<meta property=\"og:title\" content=\"Les programmes - Montreal United\" \/>\n<meta property=\"og:description\" content=\"Programme uni de Montr\u00e9al : Am\u00e9liorez votre jeu et donnez de l&#039;\u00e9nergie \u00e0 votre voyage !\u00cates-vous pr\u00eat \u00e0 vivre l&#039;\u00e9motion de la comp\u00e9tition et la joie de la camaraderie ? [&hellip;]\" \/>\n<meta property=\"og:url\" content=\"https:\/\/montrealunited.ca\/fr\/les-programmes\/\" \/>\n<meta property=\"og:site_name\" content=\"Montreal United\" \/>\n<meta property=\"article:modified_time\" content=\"2024-02-29T02:22:59+00:00\" \/>\n<meta name=\"twitter:card\" content=\"summary_large_image\" \/>\n<meta name=\"twitter:label1\" content=\"Dur\u00e9e de lecture estim\u00e9e\" \/>\n\t<meta name=\"twitter:data1\" content=\"10 minutes\" \/>\n<script type=\"application\/ld+json\" class=\"yoast-schema-graph\">{\"@context\":\"https:\\\/\\\/schema.org\",\"@graph\":[{\"@type\":\"WebPage\",\"@id\":\"https:\\\/\\\/montrealunited.ca\\\/fr\\\/les-programmes\\\/\",\"url\":\"https:\\\/\\\/montrealunited.ca\\\/fr\\\/les-programmes\\\/\",\"name\":\"Les programmes - Montreal United\",\"isPartOf\":{\"@id\":\"https:\\\/\\\/montrealunited.ca\\\/#website\"},\"datePublished\":\"2024-02-19T15:08:15+00:00\",\"dateModified\":\"2024-02-29T02:22:59+00:00\",\"breadcrumb\":{\"@id\":\"https:\\\/\\\/montrealunited.ca\\\/fr\\\/les-programmes\\\/#breadcrumb\"},\"inLanguage\":\"fr-FR\",\"potentialAction\":[{\"@type\":\"ReadAction\",\"target\":[\"https:\\\/\\\/montrealunited.ca\\\/fr\\\/les-programmes\\\/\"]}]},{\"@type\":\"BreadcrumbList\",\"@id\":\"https:\\\/\\\/montrealunited.ca\\\/fr\\\/les-programmes\\\/#breadcrumb\",\"itemListElement\":[{\"@type\":\"ListItem\",\"position\":1,\"name\":\"Home\",\"item\":\"https:\\\/\\\/montrealunited.ca\\\/fr\\\/\"},{\"@type\":\"ListItem\",\"position\":2,\"name\":\"Les programmes\"}]},{\"@type\":\"WebSite\",\"@id\":\"https:\\\/\\\/montrealunited.ca\\\/#website\",\"url\":\"https:\\\/\\\/montrealunited.ca\\\/\",\"name\":\"Montreal United\",\"description\":\"\",\"potentialAction\":[{\"@type\":\"SearchAction\",\"target\":{\"@type\":\"EntryPoint\",\"urlTemplate\":\"https:\\\/\\\/montrealunited.ca\\\/?s={search_term_string}\"},\"query-input\":{\"@type\":\"PropertyValueSpecification\",\"valueRequired\":true,\"valueName\":\"search_term_string\"}}],\"inLanguage\":\"fr-FR\"}]}<\/script>\n<!-- \/ Yoast SEO plugin. -->","yoast_head_json":{"title":"Les programmes - Montreal United","robots":{"index":"index","follow":"follow","max-snippet":"max-snippet:-1","max-image-preview":"max-image-preview:large","max-video-preview":"max-video-preview:-1"},"canonical":"https:\/\/montrealunited.ca\/fr\/les-programmes\/","og_locale":"fr_FR","og_type":"article","og_title":"Les programmes - Montreal United","og_description":"Programme uni de Montr\u00e9al : Am\u00e9liorez votre jeu et donnez de l'\u00e9nergie \u00e0 votre voyage !\u00cates-vous pr\u00eat \u00e0 vivre l'\u00e9motion de la comp\u00e9tition et la joie de la camaraderie ? [&hellip;]","og_url":"https:\/\/montrealunited.ca\/fr\/les-programmes\/","og_site_name":"Montreal United","article_modified_time":"2024-02-29T02:22:59+00:00","twitter_card":"summary_large_image","twitter_misc":{"Dur\u00e9e de lecture estim\u00e9e":"10 minutes"},"schema":{"@context":"https:\/\/schema.org","@graph":[{"@type":"WebPage","@id":"https:\/\/montrealunited.ca\/fr\/les-programmes\/","url":"https:\/\/montrealunited.ca\/fr\/les-programmes\/","name":"Les programmes - Montreal United","isPartOf":{"@id":"https:\/\/montrealunited.ca\/#website"},"datePublished":"2024-02-19T15:08:15+00:00","dateModified":"2024-02-29T02:22:59+00:00","breadcrumb":{"@id":"https:\/\/montrealunited.ca\/fr\/les-programmes\/#breadcrumb"},"inLanguage":"fr-FR","potentialAction":[{"@type":"ReadAction","target":["https:\/\/montrealunited.ca\/fr\/les-programmes\/"]}]},{"@type":"BreadcrumbList","@id":"https:\/\/montrealunited.ca\/fr\/les-programmes\/#breadcrumb","itemListElement":[{"@type":"ListItem","position":1,"name":"Home","item":"https:\/\/montrealunited.ca\/fr\/"},{"@type":"ListItem","position":2,"name":"Les programmes"}]},{"@type":"WebSite","@id":"https:\/\/montrealunited.ca\/#website","url":"https:\/\/montrealunited.ca\/","name":"Montreal United","description":"","potentialAction":[{"@type":"SearchAction","target":{"@type":"EntryPoint","urlTemplate":"https:\/\/montrealunited.ca\/?s={search_term_string}"},"query-input":{"@type":"PropertyValueSpecification","valueRequired":true,"valueName":"search_term_string"}}],"inLanguage":"fr-FR"}]}},"_links":{"self":[{"href":"https:\/\/montrealunited.ca\/fr\/wp-json\/wp\/v2\/pages\/71929","targetHints":{"allow":["GET"]}}],"collection":[{"href":"https:\/\/montrealunited.ca\/fr\/wp-json\/wp\/v2\/pages"}],"about":[{"href":"https:\/\/montrealunited.ca\/fr\/wp-json\/wp\/v2\/types\/page"}],"author":[{"embeddable":true,"href":"https:\/\/montrealunited.ca\/fr\/wp-json\/wp\/v2\/users\/1"}],"replies":[{"embeddable":true,"href":"https:\/\/montrealunited.ca\/fr\/wp-json\/wp\/v2\/comments?post=71929"}],"version-history":[{"count":2,"href":"https:\/\/montrealunited.ca\/fr\/wp-json\/wp\/v2\/pages\/71929\/revisions"}],"predecessor-version":[{"id":71931,"href":"https:\/\/montrealunited.ca\/fr\/wp-json\/wp\/v2\/pages\/71929\/revisions\/71931"}],"wp:attachment":[{"href":"https:\/\/montrealunited.ca\/fr\/wp-json\/wp\/v2\/media?parent=71929"}],"curies":[{"name":"wp","href":"https:\/\/api.w.org\/{rel}","templated":true}]}}