{"id":71541,"date":"2023-01-13T09:19:35","date_gmt":"2023-01-13T14:19:35","guid":{"rendered":"https:\/\/montrealunited.ca\/don\/"},"modified":"2023-01-23T08:10:06","modified_gmt":"2023-01-23T13:10:06","slug":"don","status":"publish","type":"page","link":"https:\/\/montrealunited.ca\/fr\/don\/","title":{"rendered":"Don"},"content":{"rendered":"<p>[et_pb_section fb_built=\u00a0\u00bb1&Prime; _builder_version=\u00a0\u00bb4.19.4&Prime; _module_preset=\u00a0\u00bbdefault\u00a0\u00bb use_background_color_gradient=\u00a0\u00bbon\u00a0\u00bb background_color_gradient_stops=\u00a0\u00bbrgba(0,0,0,0.5) 0%|rgba(0,0,0,0.5) 100%\u00a0\u00bb background_color_gradient_overlays_image=\u00a0\u00bbon\u00a0\u00bb background_image=\u00a0\u00bbhttps:\/\/montrealunited.ca\/wp-content\/uploads\/2023\/01\/montreal-united-small-header-v2.png\u00a0\u00bb global_module=\u00a0\u00bb3197&Prime; saved_tabs=\u00a0\u00bball\u00a0\u00bb global_colors_info=\u00a0\u00bb{}\u00a0\u00bb][et_pb_row _builder_version=\u00a0\u00bb4.19.4&Prime; _module_preset=\u00a0\u00bbdefault\u00a0\u00bb global_colors_info=\u00a0\u00bb{}\u00a0\u00bb][et_pb_column type=\u00a0\u00bb4_4&Prime; _builder_version=\u00a0\u00bb4.19.4&Prime; _module_preset=\u00a0\u00bbdefault\u00a0\u00bb global_colors_info=\u00a0\u00bb{}\u00a0\u00bb][et_pb_image src=\u00a0\u00bbhttps:\/\/montrealunited.ca\/wp-content\/uploads\/2023\/01\/montreal-united-small-header-logo.png\u00a0\u00bb title_text=\u00a0\u00bbmontreal-united-small-header-logo\u00a0\u00bb align=\u00a0\u00bbcenter\u00a0\u00bb _builder_version=\u00a0\u00bb4.19.4&Prime; _module_preset=\u00a0\u00bbdefault\u00a0\u00bb width=\u00a0\u00bb15%\u00a0\u00bb global_colors_info=\u00a0\u00bb{}\u00a0\u00bb][\/et_pb_image][\/et_pb_column][\/et_pb_row][\/et_pb_section][et_pb_section fb_built=\u00a0\u00bb1&Prime; _builder_version=\u00a0\u00bb4.19.4&Prime; _module_preset=\u00a0\u00bbdefault\u00a0\u00bb global_colors_info=\u00a0\u00bb{}\u00a0\u00bb][et_pb_row _builder_version=\u00a0\u00bb4.19.4&Prime; _module_preset=\u00a0\u00bbdefault\u00a0\u00bb global_colors_info=\u00a0\u00bb{}\u00a0\u00bb][et_pb_column type=\u00a0\u00bb4_4&Prime; _builder_version=\u00a0\u00bb4.19.4&Prime; _module_preset=\u00a0\u00bbdefault\u00a0\u00bb global_colors_info=\u00a0\u00bb{}\u00a0\u00bb][et_pb_text _builder_version=\u00a0\u00bb4.19.4&Prime; _module_preset=\u00a0\u00bbdefault\u00a0\u00bb header_text_align=\u00a0\u00bbcenter\u00a0\u00bb hover_enabled=\u00a0\u00bb0&Prime; sticky_enabled=\u00a0\u00bb0&Prime; text_font_size=\u00a0\u00bb18px\u00a0\u00bb]<\/p>\n<h1>Don<\/h1>\n<p>La mission de notre programme est d&rsquo;encourager les participants \u00e0 cultiver la d\u00e9termination d&rsquo;atteindre leurs objectifs; d\u00e9velopper l&rsquo;engagement d&rsquo;\u00e9lever leurs comp\u00e9tences; d\u00e9velopper la pers\u00e9v\u00e9rance pour surmonter les d\u00e9fis; promouvoir l&rsquo;acceptation et l&rsquo;ouverture d&rsquo;esprit chez les jeunes de diverses cultures.<\/p>\n<p>[\/et_pb_text][et_pb_text _builder_version=\u00a0\u00bb4.19.4&Prime; _module_preset=\u00a0\u00bbdefault\u00a0\u00bb global_colors_info=\u00a0\u00bb{}\u00a0\u00bb][\/et_pb_text][\/et_pb_column][\/et_pb_row][\/et_pb_section]<\/p>\n","protected":false},"excerpt":{"rendered":"<p>Don La mission de notre programme est d&rsquo;encourager les participants \u00e0 cultiver la d\u00e9termination d&rsquo;atteindre leurs objectifs; d\u00e9velopper l&rsquo;engagement d&rsquo;\u00e9lever leurs comp\u00e9tences; d\u00e9velopper la pers\u00e9v\u00e9rance pour surmonter les d\u00e9fis; promouvoir [&hellip;]<\/p>\n","protected":false},"author":1,"featured_media":0,"parent":0,"menu_order":0,"comment_status":"closed","ping_status":"closed","template":"","meta":{"_et_pb_use_builder":"on","_et_pb_old_content":"","_et_gb_content_width":"","footnotes":""},"class_list":["post-71541","page","type-page","status-publish","hentry"],"yoast_head":"<!-- This site is optimized with the Yoast SEO plugin v27.3 - https:\/\/yoast.com\/product\/yoast-seo-wordpress\/ -->\n<title>Don - Montreal United<\/title>\n<meta name=\"robots\" content=\"index, follow, max-snippet:-1, max-image-preview:large, max-video-preview:-1\" \/>\n<link rel=\"canonical\" href=\"https:\/\/montrealunited.ca\/donate\/\" \/>\n<meta property=\"og:locale\" content=\"fr_FR\" \/>\n<meta property=\"og:type\" content=\"article\" \/>\n<meta property=\"og:title\" content=\"Don - Montreal United\" \/>\n<meta property=\"og:description\" content=\"Don La mission de notre programme est d&#039;encourager les participants \u00e0 cultiver la d\u00e9termination d&#039;atteindre leurs objectifs; d\u00e9velopper l&#039;engagement d&#039;\u00e9lever leurs comp\u00e9tences; d\u00e9velopper la pers\u00e9v\u00e9rance pour surmonter les d\u00e9fis; promouvoir [&hellip;]\" \/>\n<meta property=\"og:url\" content=\"https:\/\/montrealunited.ca\/donate\/\" \/>\n<meta property=\"og:site_name\" content=\"Montreal United\" \/>\n<meta property=\"article:modified_time\" content=\"2023-01-23T13:10:06+00:00\" \/>\n<meta name=\"twitter:card\" content=\"summary_large_image\" \/>\n<meta name=\"twitter:label1\" content=\"Dur\u00e9e de lecture estim\u00e9e\" \/>\n\t<meta name=\"twitter:data1\" content=\"1 minute\" \/>\n<script type=\"application\/ld+json\" class=\"yoast-schema-graph\">{\"@context\":\"https:\\\/\\\/schema.org\",\"@graph\":[{\"@type\":\"WebPage\",\"@id\":\"https:\\\/\\\/montrealunited.ca\\\/donate\\\/\",\"url\":\"https:\\\/\\\/montrealunited.ca\\\/donate\\\/\",\"name\":\"Don - Montreal United\",\"isPartOf\":{\"@id\":\"https:\\\/\\\/montrealunited.ca\\\/#website\"},\"datePublished\":\"2023-01-13T14:19:35+00:00\",\"dateModified\":\"2023-01-23T13:10:06+00:00\",\"breadcrumb\":{\"@id\":\"https:\\\/\\\/montrealunited.ca\\\/donate\\\/#breadcrumb\"},\"inLanguage\":\"fr-FR\",\"potentialAction\":[{\"@type\":\"ReadAction\",\"target\":[\"https:\\\/\\\/montrealunited.ca\\\/donate\\\/\"]}]},{\"@type\":\"BreadcrumbList\",\"@id\":\"https:\\\/\\\/montrealunited.ca\\\/donate\\\/#breadcrumb\",\"itemListElement\":[{\"@type\":\"ListItem\",\"position\":1,\"name\":\"Home\",\"item\":\"https:\\\/\\\/montrealunited.ca\\\/fr\\\/\"},{\"@type\":\"ListItem\",\"position\":2,\"name\":\"Don\"}]},{\"@type\":\"WebSite\",\"@id\":\"https:\\\/\\\/montrealunited.ca\\\/#website\",\"url\":\"https:\\\/\\\/montrealunited.ca\\\/\",\"name\":\"Montreal United\",\"description\":\"\",\"potentialAction\":[{\"@type\":\"SearchAction\",\"target\":{\"@type\":\"EntryPoint\",\"urlTemplate\":\"https:\\\/\\\/montrealunited.ca\\\/?s={search_term_string}\"},\"query-input\":{\"@type\":\"PropertyValueSpecification\",\"valueRequired\":true,\"valueName\":\"search_term_string\"}}],\"inLanguage\":\"fr-FR\"}]}<\/script>\n<!-- \/ Yoast SEO plugin. -->","yoast_head_json":{"title":"Don - Montreal United","robots":{"index":"index","follow":"follow","max-snippet":"max-snippet:-1","max-image-preview":"max-image-preview:large","max-video-preview":"max-video-preview:-1"},"canonical":"https:\/\/montrealunited.ca\/donate\/","og_locale":"fr_FR","og_type":"article","og_title":"Don - Montreal United","og_description":"Don La mission de notre programme est d'encourager les participants \u00e0 cultiver la d\u00e9termination d'atteindre leurs objectifs; d\u00e9velopper l'engagement d'\u00e9lever leurs comp\u00e9tences; d\u00e9velopper la pers\u00e9v\u00e9rance pour surmonter les d\u00e9fis; promouvoir [&hellip;]","og_url":"https:\/\/montrealunited.ca\/donate\/","og_site_name":"Montreal United","article_modified_time":"2023-01-23T13:10:06+00:00","twitter_card":"summary_large_image","twitter_misc":{"Dur\u00e9e de lecture estim\u00e9e":"1 minute"},"schema":{"@context":"https:\/\/schema.org","@graph":[{"@type":"WebPage","@id":"https:\/\/montrealunited.ca\/donate\/","url":"https:\/\/montrealunited.ca\/donate\/","name":"Don - Montreal United","isPartOf":{"@id":"https:\/\/montrealunited.ca\/#website"},"datePublished":"2023-01-13T14:19:35+00:00","dateModified":"2023-01-23T13:10:06+00:00","breadcrumb":{"@id":"https:\/\/montrealunited.ca\/donate\/#breadcrumb"},"inLanguage":"fr-FR","potentialAction":[{"@type":"ReadAction","target":["https:\/\/montrealunited.ca\/donate\/"]}]},{"@type":"BreadcrumbList","@id":"https:\/\/montrealunited.ca\/donate\/#breadcrumb","itemListElement":[{"@type":"ListItem","position":1,"name":"Home","item":"https:\/\/montrealunited.ca\/fr\/"},{"@type":"ListItem","position":2,"name":"Don"}]},{"@type":"WebSite","@id":"https:\/\/montrealunited.ca\/#website","url":"https:\/\/montrealunited.ca\/","name":"Montreal United","description":"","potentialAction":[{"@type":"SearchAction","target":{"@type":"EntryPoint","urlTemplate":"https:\/\/montrealunited.ca\/?s={search_term_string}"},"query-input":{"@type":"PropertyValueSpecification","valueRequired":true,"valueName":"search_term_string"}}],"inLanguage":"fr-FR"}]}},"_links":{"self":[{"href":"https:\/\/montrealunited.ca\/fr\/wp-json\/wp\/v2\/pages\/71541","targetHints":{"allow":["GET"]}}],"collection":[{"href":"https:\/\/montrealunited.ca\/fr\/wp-json\/wp\/v2\/pages"}],"about":[{"href":"https:\/\/montrealunited.ca\/fr\/wp-json\/wp\/v2\/types\/page"}],"author":[{"embeddable":true,"href":"https:\/\/montrealunited.ca\/fr\/wp-json\/wp\/v2\/users\/1"}],"replies":[{"embeddable":true,"href":"https:\/\/montrealunited.ca\/fr\/wp-json\/wp\/v2\/comments?post=71541"}],"version-history":[{"count":2,"href":"https:\/\/montrealunited.ca\/fr\/wp-json\/wp\/v2\/pages\/71541\/revisions"}],"predecessor-version":[{"id":71543,"href":"https:\/\/montrealunited.ca\/fr\/wp-json\/wp\/v2\/pages\/71541\/revisions\/71543"}],"wp:attachment":[{"href":"https:\/\/montrealunited.ca\/fr\/wp-json\/wp\/v2\/media?parent=71541"}],"curies":[{"name":"wp","href":"https:\/\/api.w.org\/{rel}","templated":true}]}}