{"id":71377,"date":"2023-01-02T14:06:04","date_gmt":"2023-01-02T19:06:04","guid":{"rendered":"https:\/\/montrealunited.ca\/a-propos-de-nous\/"},"modified":"2023-04-04T21:12:05","modified_gmt":"2023-04-05T01:12:05","slug":"a-propos-de-nous","status":"publish","type":"page","link":"https:\/\/montrealunited.ca\/fr\/a-propos-de-nous\/","title":{"rendered":"\u00e0 propos de nous"},"content":{"rendered":"<p>[et_pb_section fb_built=\u00a0\u00bb1&Prime; _builder_version=\u00a0\u00bb4.19.4&Prime; _module_preset=\u00a0\u00bbdefault\u00a0\u00bb use_background_color_gradient=\u00a0\u00bbon\u00a0\u00bb background_color_gradient_stops=\u00a0\u00bbrgba(0,0,0,0.5) 0%|rgba(0,0,0,0.5) 100%\u00a0\u00bb background_color_gradient_overlays_image=\u00a0\u00bbon\u00a0\u00bb background_image=\u00a0\u00bbhttps:\/\/montrealunited.ca\/wp-content\/uploads\/2023\/01\/about-header.jpg\u00a0\u00bb custom_padding=\u00a0\u00bb6vw||18vw||false|false\u00a0\u00bb animation_style=\u00a0\u00bbfade\u00a0\u00bb hover_enabled=\u00a0\u00bb0&Prime; da_disable_devices=\u00a0\u00bboff|off|off\u00a0\u00bb border_width_bottom=\u00a0\u00bb10px\u00a0\u00bb border_color_bottom=\u00a0\u00bbgcid-5b97c902-3890-465c-8369-81f38730b2eb\u00a0\u00bb saved_tabs=\u00a0\u00bball\u00a0\u00bb global_colors_info=\u00a0\u00bb{%22gcid-5b97c902-3890-465c-8369-81f38730b2eb%22:%91%22border_color_bottom%22%93}\u00a0\u00bb sticky_enabled=\u00a0\u00bb0&Prime; da_is_popup=\u00a0\u00bboff\u00a0\u00bb da_exit_intent=\u00a0\u00bboff\u00a0\u00bb da_has_close=\u00a0\u00bbon\u00a0\u00bb da_alt_close=\u00a0\u00bboff\u00a0\u00bb da_dark_close=\u00a0\u00bboff\u00a0\u00bb da_not_modal=\u00a0\u00bbon\u00a0\u00bb da_is_singular=\u00a0\u00bboff\u00a0\u00bb da_with_loader=\u00a0\u00bboff\u00a0\u00bb da_has_shadow=\u00a0\u00bbon\u00a0\u00bb][et_pb_row _builder_version=\u00a0\u00bb4.19.4&Prime; _module_preset=\u00a0\u00bbdefault\u00a0\u00bb width=\u00a0\u00bb90%\u00a0\u00bb max_width=\u00a0\u00bb100%\u00a0\u00bb global_colors_info=\u00a0\u00bb{}\u00a0\u00bb][et_pb_column type=\u00a0\u00bb4_4&Prime; _builder_version=\u00a0\u00bb4.19.4&Prime; _module_preset=\u00a0\u00bbdefault\u00a0\u00bb global_colors_info=\u00a0\u00bb{}\u00a0\u00bb][\/et_pb_column][\/et_pb_row][\/et_pb_section][et_pb_section fb_built=\u00a0\u00bb1&Prime; _builder_version=\u00a0\u00bb4.16&Prime; custom_padding=\u00a0\u00bb50px||50px||true|false\u00a0\u00bb da_disable_devices=\u00a0\u00bboff|off|off\u00a0\u00bb global_colors_info=\u00a0\u00bb{}\u00a0\u00bb da_is_popup=\u00a0\u00bboff\u00a0\u00bb da_exit_intent=\u00a0\u00bboff\u00a0\u00bb da_has_close=\u00a0\u00bbon\u00a0\u00bb da_alt_close=\u00a0\u00bboff\u00a0\u00bb da_dark_close=\u00a0\u00bboff\u00a0\u00bb da_not_modal=\u00a0\u00bbon\u00a0\u00bb da_is_singular=\u00a0\u00bboff\u00a0\u00bb da_with_loader=\u00a0\u00bboff\u00a0\u00bb da_has_shadow=\u00a0\u00bbon\u00a0\u00bb][et_pb_row use_custom_gutter=\u00a0\u00bbon\u00a0\u00bb gutter_width=\u00a0\u00bb2&Prime; make_equal=\u00a0\u00bbon\u00a0\u00bb _builder_version=\u00a0\u00bb4.16&Prime; width=\u00a0\u00bb90%\u00a0\u00bb width_tablet=\u00a0\u00bb90%\u00a0\u00bb width_phone=\u00a0\u00bb90%\u00a0\u00bb width_last_edited=\u00a0\u00bbon|phone\u00a0\u00bb max_width_tablet=\u00a0\u00bb90%\u00a0\u00bb max_width_phone=\u00a0\u00bb90%\u00a0\u00bb max_width_last_edited=\u00a0\u00bboff|desktop\u00a0\u00bb custom_padding=\u00a0\u00bb0px||0px||false|false\u00a0\u00bb global_colors_info=\u00a0\u00bb{}\u00a0\u00bb][et_pb_column type=\u00a0\u00bb4_4&Prime; _builder_version=\u00a0\u00bb4.16&Prime; global_colors_info=\u00a0\u00bb{}\u00a0\u00bb][et_pb_text _builder_version=\u00a0\u00bb4.19.4&Prime; header_3_font=\u00a0\u00bb||||||||\u00a0\u00bb header_3_text_color=\u00a0\u00bbgcid-8fb4363e-3d1b-42d6-93ad-21eb2550d942&Prime; header_3_font_size=\u00a0\u00bb35px\u00a0\u00bb header_3_letter_spacing=\u00a0\u00bb-1px\u00a0\u00bb custom_padding=\u00a0\u00bb9px||0px|25px|false|false\u00a0\u00bb header_3_font_size_tablet=\u00a0\u00bb\u00a0\u00bb header_3_font_size_phone=\u00a0\u00bb25px\u00a0\u00bb header_3_font_size_last_edited=\u00a0\u00bbon|phone\u00a0\u00bb border_width_left=\u00a0\u00bb5px\u00a0\u00bb border_color_left=\u00a0\u00bb#383838&Prime; global_colors_info=\u00a0\u00bb{%22gcid-8fb4363e-3d1b-42d6-93ad-21eb2550d942%22:%91%22header_3_text_color%22%93}\u00a0\u00bb]<\/p>\n<h3>Hugh Scarlett<\/h3>\n<p>[\/et_pb_text][\/et_pb_column][\/et_pb_row][et_pb_row column_structure=\u00a0\u00bb1_2,1_2&Prime; use_custom_gutter=\u00a0\u00bbon\u00a0\u00bb gutter_width=\u00a0\u00bb2&Prime; make_equal=\u00a0\u00bbon\u00a0\u00bb _builder_version=\u00a0\u00bb4.16&Prime; width=\u00a0\u00bb90%\u00a0\u00bb width_tablet=\u00a0\u00bb90%\u00a0\u00bb width_phone=\u00a0\u00bb90%\u00a0\u00bb width_last_edited=\u00a0\u00bbon|phone\u00a0\u00bb max_width_tablet=\u00a0\u00bb90%\u00a0\u00bb max_width_phone=\u00a0\u00bb90%\u00a0\u00bb max_width_last_edited=\u00a0\u00bboff|desktop\u00a0\u00bb custom_padding=\u00a0\u00bb11px||0px||false|false\u00a0\u00bb global_colors_info=\u00a0\u00bb{}\u00a0\u00bb][et_pb_column type=\u00a0\u00bb1_2&Prime; _builder_version=\u00a0\u00bb4.16&Prime; global_colors_info=\u00a0\u00bb{}\u00a0\u00bb][et_pb_text _builder_version=\u00a0\u00bb4.19.4&Prime; text_font=\u00a0\u00bb||||||||\u00a0\u00bb text_text_color=\u00a0\u00bb#000000&Prime; text_font_size=\u00a0\u00bb18px\u00a0\u00bb global_colors_info=\u00a0\u00bb{}\u00a0\u00bb]<\/p>\n<p>Au cours des 40 derni\u00e8res ann\u00e9es, Hugh Alexander Scarlett a jou\u00e9, entra\u00een\u00e9 et arbitr\u00e9 le sport qu\u2019il adore : le basketball. Son amour du sport a commenc\u00e9 \u00e0 l\u2019\u00e2ge de 13 ans. Il est rapidement devenu l\u2019un des joueurs cl\u00e9s de ses \u00e9quipes, remportant de nombreux troph\u00e9es et prix MVP au cours de sa carri\u00e8re.<\/p>\n<p>Hugh attribue au basket-ball le r\u00f4le d\u00e9terminant pour le maintenir dans le droit chemin. Gr\u00e2ce au basket-ball, il est devenu membre du Black Community Center o\u00f9 les entra\u00eeneurs l\u2019ont inspir\u00e9 \u00e0 se concentrer et \u00e0 travailler dur pour exceller sur et en dehors du terrain. Le basket-ball lui a permis de d\u00e9velopper et d\u2019entretenir des relations qui ont abouti \u00e0 des amiti\u00e9s pour la vie.<\/p>\n<p>[\/et_pb_text][\/et_pb_column][et_pb_column type=\u00a0\u00bb1_2&Prime; _builder_version=\u00a0\u00bb4.16&Prime; global_colors_info=\u00a0\u00bb{}\u00a0\u00bb][et_pb_text _builder_version=\u00a0\u00bb4.19.4&Prime; text_font=\u00a0\u00bb||||||||\u00a0\u00bb text_text_color=\u00a0\u00bb#000000&Prime; text_font_size=\u00a0\u00bb18px\u00a0\u00bb global_colors_info=\u00a0\u00bb{}\u00a0\u00bb]<\/p>\n<p>Lorsque le Centre Communautaire Noir a ferm\u00e9 ses portes, il y avait un vide qui devait \u00eatre combl\u00e9. Hugh y voyait l\u2019occasion id\u00e9ale pour lui de redonner \u00e0 la communaut\u00e9. Il a donc cr\u00e9\u00e9 et lanc\u00e9 Montreal Unie une organisation jeunesse et de mentorat ax\u00e9e sur le basketball.<\/p>\n<p>La philosophie de coaching de Hugh s\u2019articule autour de trois principes fondamentaux : l\u2019\u00e9quipe d\u2019abord, se concentrer sur les fondamentaux et s\u2019amuser ! Le parcours a \u00e9t\u00e9 long et difficile, mais la passion et l\u2019engagement de Hugh envers les jeunes, aliment\u00e9s par son amour du sport et de la communaut\u00e9, continuent de le motiver \u00e0 aller de l\u2019avant.<\/p>\n<p>[\/et_pb_text][et_pb_image _builder_version=\u00a0\u00bb4.19.4&Prime; max_width=\u00a0\u00bb200px\u00a0\u00bb module_alignment=\u00a0\u00bbleft\u00a0\u00bb custom_margin=\u00a0\u00bb36px||||false|false\u00a0\u00bb global_colors_info=\u00a0\u00bb{}\u00a0\u00bb][\/et_pb_image][et_pb_text _builder_version=\u00a0\u00bb4.19.4&Prime; text_font=\u00a0\u00bb||||||||\u00a0\u00bb text_text_color=\u00a0\u00bb#000000&Prime; text_font_size=\u00a0\u00bb15px\u00a0\u00bb text_line_height=\u00a0\u00bb1em\u00a0\u00bb header_5_font=\u00a0\u00bb|700|||||||\u00a0\u00bb header_5_text_color=\u00a0\u00bb#222222&Prime; header_5_font_size=\u00a0\u00bb15px\u00a0\u00bb custom_margin=\u00a0\u00bb-30px|||288px|false|false\u00a0\u00bb custom_margin_tablet=\u00a0\u00bb-80px||||false|false\u00a0\u00bb custom_margin_phone=\u00a0\u00bb0px|||0px|false|false\u00a0\u00bb custom_margin_last_edited=\u00a0\u00bbon|phone\u00a0\u00bb custom_padding=\u00a0\u00bb0px||||false|false\u00a0\u00bb global_colors_info=\u00a0\u00bb{}\u00a0\u00bb]<\/p>\n<h5>Hugh Scarlett<\/h5>\n<p>Chef de la direction<\/p>\n<p>[\/et_pb_text][\/et_pb_column][\/et_pb_row][\/et_pb_section]<\/p>\n","protected":false},"excerpt":{"rendered":"<p>Hugh ScarlettAu cours des 40 derni\u00e8res ann\u00e9es, Hugh Alexander Scarlett a jou\u00e9, entra\u00een\u00e9 et arbitr\u00e9 le sport qu\u2019il adore : le basketball. Son amour du sport a commenc\u00e9 \u00e0 l\u2019\u00e2ge [&hellip;]<\/p>\n","protected":false},"author":1,"featured_media":0,"parent":0,"menu_order":0,"comment_status":"closed","ping_status":"closed","template":"","meta":{"_et_pb_use_builder":"on","_et_pb_old_content":"","_et_gb_content_width":"","footnotes":""},"class_list":["post-71377","page","type-page","status-publish","hentry"],"yoast_head":"<!-- This site is optimized with the Yoast SEO plugin v26.8 - https:\/\/yoast.com\/product\/yoast-seo-wordpress\/ -->\n<title>\u00e0 propos de nous - Montreal United<\/title>\n<meta name=\"robots\" content=\"index, follow, max-snippet:-1, max-image-preview:large, max-video-preview:-1\" \/>\n<link rel=\"canonical\" href=\"https:\/\/montrealunited.ca\/about-us\/\" \/>\n<meta property=\"og:locale\" content=\"fr_FR\" \/>\n<meta property=\"og:type\" content=\"article\" \/>\n<meta property=\"og:title\" content=\"\u00e0 propos de nous - Montreal United\" \/>\n<meta property=\"og:description\" content=\"Hugh ScarlettAu cours des 40 derni\u00e8res ann\u00e9es, Hugh Alexander Scarlett a jou\u00e9, entra\u00een\u00e9 et arbitr\u00e9 le sport qu\u2019il adore : le basketball. Son amour du sport a commenc\u00e9 \u00e0 l\u2019\u00e2ge [&hellip;]\" \/>\n<meta property=\"og:url\" content=\"https:\/\/montrealunited.ca\/about-us\/\" \/>\n<meta property=\"og:site_name\" content=\"Montreal United\" \/>\n<meta property=\"article:modified_time\" content=\"2023-04-05T01:12:05+00:00\" \/>\n<meta name=\"twitter:card\" content=\"summary_large_image\" \/>\n<meta name=\"twitter:label1\" content=\"Dur\u00e9e de lecture estim\u00e9e\" \/>\n\t<meta name=\"twitter:data1\" content=\"4 minutes\" \/>\n<script type=\"application\/ld+json\" class=\"yoast-schema-graph\">{\"@context\":\"https:\/\/schema.org\",\"@graph\":[{\"@type\":\"WebPage\",\"@id\":\"https:\/\/montrealunited.ca\/about-us\/\",\"url\":\"https:\/\/montrealunited.ca\/about-us\/\",\"name\":\"\u00e0 propos de nous - Montreal United\",\"isPartOf\":{\"@id\":\"https:\/\/montrealunited.ca\/#website\"},\"datePublished\":\"2023-01-02T19:06:04+00:00\",\"dateModified\":\"2023-04-05T01:12:05+00:00\",\"breadcrumb\":{\"@id\":\"https:\/\/montrealunited.ca\/about-us\/#breadcrumb\"},\"inLanguage\":\"fr-FR\",\"potentialAction\":[{\"@type\":\"ReadAction\",\"target\":[\"https:\/\/montrealunited.ca\/about-us\/\"]}]},{\"@type\":\"BreadcrumbList\",\"@id\":\"https:\/\/montrealunited.ca\/about-us\/#breadcrumb\",\"itemListElement\":[{\"@type\":\"ListItem\",\"position\":1,\"name\":\"Home\",\"item\":\"https:\/\/montrealunited.ca\/fr\/\"},{\"@type\":\"ListItem\",\"position\":2,\"name\":\"\u00e0 propos de nous\"}]},{\"@type\":\"WebSite\",\"@id\":\"https:\/\/montrealunited.ca\/#website\",\"url\":\"https:\/\/montrealunited.ca\/\",\"name\":\"Montreal United\",\"description\":\"\",\"potentialAction\":[{\"@type\":\"SearchAction\",\"target\":{\"@type\":\"EntryPoint\",\"urlTemplate\":\"https:\/\/montrealunited.ca\/?s={search_term_string}\"},\"query-input\":{\"@type\":\"PropertyValueSpecification\",\"valueRequired\":true,\"valueName\":\"search_term_string\"}}],\"inLanguage\":\"fr-FR\"}]}<\/script>\n<!-- \/ Yoast SEO plugin. -->","yoast_head_json":{"title":"\u00e0 propos de nous - Montreal United","robots":{"index":"index","follow":"follow","max-snippet":"max-snippet:-1","max-image-preview":"max-image-preview:large","max-video-preview":"max-video-preview:-1"},"canonical":"https:\/\/montrealunited.ca\/about-us\/","og_locale":"fr_FR","og_type":"article","og_title":"\u00e0 propos de nous - Montreal United","og_description":"Hugh ScarlettAu cours des 40 derni\u00e8res ann\u00e9es, Hugh Alexander Scarlett a jou\u00e9, entra\u00een\u00e9 et arbitr\u00e9 le sport qu\u2019il adore : le basketball. Son amour du sport a commenc\u00e9 \u00e0 l\u2019\u00e2ge [&hellip;]","og_url":"https:\/\/montrealunited.ca\/about-us\/","og_site_name":"Montreal United","article_modified_time":"2023-04-05T01:12:05+00:00","twitter_card":"summary_large_image","twitter_misc":{"Dur\u00e9e de lecture estim\u00e9e":"4 minutes"},"schema":{"@context":"https:\/\/schema.org","@graph":[{"@type":"WebPage","@id":"https:\/\/montrealunited.ca\/about-us\/","url":"https:\/\/montrealunited.ca\/about-us\/","name":"\u00e0 propos de nous - Montreal United","isPartOf":{"@id":"https:\/\/montrealunited.ca\/#website"},"datePublished":"2023-01-02T19:06:04+00:00","dateModified":"2023-04-05T01:12:05+00:00","breadcrumb":{"@id":"https:\/\/montrealunited.ca\/about-us\/#breadcrumb"},"inLanguage":"fr-FR","potentialAction":[{"@type":"ReadAction","target":["https:\/\/montrealunited.ca\/about-us\/"]}]},{"@type":"BreadcrumbList","@id":"https:\/\/montrealunited.ca\/about-us\/#breadcrumb","itemListElement":[{"@type":"ListItem","position":1,"name":"Home","item":"https:\/\/montrealunited.ca\/fr\/"},{"@type":"ListItem","position":2,"name":"\u00e0 propos de nous"}]},{"@type":"WebSite","@id":"https:\/\/montrealunited.ca\/#website","url":"https:\/\/montrealunited.ca\/","name":"Montreal United","description":"","potentialAction":[{"@type":"SearchAction","target":{"@type":"EntryPoint","urlTemplate":"https:\/\/montrealunited.ca\/?s={search_term_string}"},"query-input":{"@type":"PropertyValueSpecification","valueRequired":true,"valueName":"search_term_string"}}],"inLanguage":"fr-FR"}]}},"_links":{"self":[{"href":"https:\/\/montrealunited.ca\/fr\/wp-json\/wp\/v2\/pages\/71377","targetHints":{"allow":["GET"]}}],"collection":[{"href":"https:\/\/montrealunited.ca\/fr\/wp-json\/wp\/v2\/pages"}],"about":[{"href":"https:\/\/montrealunited.ca\/fr\/wp-json\/wp\/v2\/types\/page"}],"author":[{"embeddable":true,"href":"https:\/\/montrealunited.ca\/fr\/wp-json\/wp\/v2\/users\/1"}],"replies":[{"embeddable":true,"href":"https:\/\/montrealunited.ca\/fr\/wp-json\/wp\/v2\/comments?post=71377"}],"version-history":[{"count":14,"href":"https:\/\/montrealunited.ca\/fr\/wp-json\/wp\/v2\/pages\/71377\/revisions"}],"predecessor-version":[{"id":71621,"href":"https:\/\/montrealunited.ca\/fr\/wp-json\/wp\/v2\/pages\/71377\/revisions\/71621"}],"wp:attachment":[{"href":"https:\/\/montrealunited.ca\/fr\/wp-json\/wp\/v2\/media?parent=71377"}],"curies":[{"name":"wp","href":"https:\/\/api.w.org\/{rel}","templated":true}]}}